{"id":4506,"date":"2020-11-17T21:01:34","date_gmt":"2020-11-17T21:01:34","guid":{"rendered":"https:\/\/www.observatoriotiamat.es\/privacidad\/"},"modified":"2023-04-12T14:50:44","modified_gmt":"2023-04-12T14:50:44","slug":"privacidad","status":"publish","type":"page","link":"https:\/\/www.observatoriotiamat.es\/ca\/privacidad\/","title":{"rendered":"Pol\u00edtica de Privacitat"},"content":{"rendered":"<p><span style=\"font-weight: 300;\">L\u2019informem, en compliment de l&#8217;estipulat pel Reglament General de Protecci\u00f3 de Dades (RGPD):<\/span><\/p>\n<p><span style=\"font-weight: 300;\">Les dades de car\u00e0cter personal seran tractades per l&#8217;Observatori mar\u00ed del canvi global a la Xarxa de Parcs Nacionals (d&#8217;ara endavant, Observatori TIAMAT) amb la finalitat de tramitar les consultes d&#8217;informaci\u00f3 de car\u00e0cter general rebudes a trav\u00e9s del correu electr\u00f2nic <\/span><a href=\"mailto:tiamat@socib.es\"><span style=\"font-weight: 300;\">tiamat@socib.es<\/span><\/a><span style=\"font-weight: 300;\">. Les dades es conservaran durant el temps necessari per complir amb la finalitat per a la qual s&#8217;han recopilat.<\/span><\/p>\n<p><span style=\"font-weight: 300;\">Pot exercir els seus drets d&#8217;acc\u00e9s, rectificaci\u00f3, supressi\u00f3 i portabilitat de les seves dades, de limitaci\u00f3 i oposici\u00f3 al seu tractament, aix\u00ed com a no ser objecte de decisions basades \u00fanicament en el tractament automatitzat de les seves dades, quan escaiguin, a trav\u00e9s de l\u2019adre\u00e7a de correu electr\u00f2nic <\/span><a href=\"mailto:tiamat@socib.es\"><span style=\"font-weight: 300;\">tiamat@socib.es<\/span><\/a><span style=\"font-weight: 300;\">.<\/span><span style=\"font-weight: 300;\">Si vol obtenir m\u00e9s informaci\u00f3, pot contactar amb l&#8217;Observatori TIAMAT a trav\u00e9s del correu electr\u00f2nic <\/span><a href=\"mailto:tiamat@socib.es\"><span style=\"font-weight: 300;\">tiamat@socib.es<\/span><\/a><span style=\"font-weight: 300;\">.<\/span><\/p>\n","protected":false},"excerpt":{"rendered":"<p>L\u2019informem, en compliment de l&#8217;estipulat pel Reglament General de Protecci\u00f3 de Dades (RGPD): Les dades de car\u00e0cter personal seran tractades per l&#8217;Observatori mar\u00ed del canvi global a la Xarxa de Parcs Nacionals (d&#8217;ara endavant, Observatori TIAMAT) amb la finalitat de tramitar les consultes d&#8217;informaci\u00f3 de car\u00e0cter general rebudes a trav\u00e9s del correu electr\u00f2nic tiamat@socib.es. Les&#8230;<\/p>\n","protected":false},"author":1,"featured_media":0,"parent":0,"menu_order":0,"comment_status":"closed","ping_status":"closed","template":"","meta":{"_acf_changed":false,"footnotes":""},"class_list":["post-4506","page","type-page","status-publish","hentry"],"acf":[],"_links":{"self":[{"href":"https:\/\/www.observatoriotiamat.es\/ca\/wp-json\/wp\/v2\/pages\/4506","targetHints":{"allow":["GET"]}}],"collection":[{"href":"https:\/\/www.observatoriotiamat.es\/ca\/wp-json\/wp\/v2\/pages"}],"about":[{"href":"https:\/\/www.observatoriotiamat.es\/ca\/wp-json\/wp\/v2\/types\/page"}],"author":[{"embeddable":true,"href":"https:\/\/www.observatoriotiamat.es\/ca\/wp-json\/wp\/v2\/users\/1"}],"replies":[{"embeddable":true,"href":"https:\/\/www.observatoriotiamat.es\/ca\/wp-json\/wp\/v2\/comments?post=4506"}],"version-history":[{"count":2,"href":"https:\/\/www.observatoriotiamat.es\/ca\/wp-json\/wp\/v2\/pages\/4506\/revisions"}],"predecessor-version":[{"id":5653,"href":"https:\/\/www.observatoriotiamat.es\/ca\/wp-json\/wp\/v2\/pages\/4506\/revisions\/5653"}],"wp:attachment":[{"href":"https:\/\/www.observatoriotiamat.es\/ca\/wp-json\/wp\/v2\/media?parent=4506"}],"curies":[{"name":"wp","href":"https:\/\/api.w.org\/{rel}","templated":true}]}}