{"id":5468,"date":"2022-11-09T12:38:36","date_gmt":"2022-11-09T12:38:36","guid":{"rendered":"https:\/\/www.observatoriotiamat.es\/contacto\/"},"modified":"2023-04-17T15:18:29","modified_gmt":"2023-04-17T15:18:29","slug":"contacte","status":"publish","type":"page","link":"https:\/\/www.observatoriotiamat.es\/ca\/contacte\/","title":{"rendered":"Contacte"},"content":{"rendered":"<section class=\"l-section wpb_row height_medium\"><div class=\"l-section-h i-cf\"><div class=\"g-cols vc_row via_flex valign_top type_default stacking_default\"><div class=\"vc_col-sm-12 wpb_column vc_column_container\"><div class=\"vc_column-inner\"><div class=\"wpb_wrapper\"><div class=\"wpb_text_column\"><div class=\"wpb_wrapper\"><h5>Contacte<\/h5>\n<\/div><\/div><div class=\"w-separator us_custom_8a8897b1 us_animate_this size_small\"><\/div><div class=\"w-separator size_medium\"><\/div><div class=\"g-cols wpb_row via_flex valign_top type_default stacking_default\"><div class=\"vc_col-sm-4 wpb_column vc_column_container\"><div class=\"vc_column-inner\"><div class=\"wpb_wrapper\"><div class=\"wpb_text_column\"><div class=\"wpb_wrapper\"><h4>Informaci\u00f3 general<\/h4>\n<p><span style=\"font-weight: 300;\">Per a qualsevol dubte general sobre el projecte contactar amb:<\/span><br \/>\n<a href=\"mailto:tiamat@socib.es\">tiamat@socib.es<\/a><\/p>\n<\/div><\/div><\/div><\/div><\/div><div class=\"vc_col-sm-4 wpb_column vc_column_container\"><div class=\"vc_column-inner\"><div class=\"wpb_wrapper\"><div class=\"wpb_text_column\"><div class=\"wpb_wrapper\"><h4>Premsa<\/h4>\n<p><span style=\"font-weight: 300;\">Per a consultes relacionades amb periodistes o mitjans de comunicaci\u00f3, contactar amb: <\/span><span style=\"font-weight: 300;\">Servei d\u2019Estrat\u00e8gia Corporativa, Comunicaci\u00f3 i Transfer\u00e8ncia de Coneixement de la ICTS SOCIB<\/span><br \/>\n<a href=\"mailto:comunicacion@socib.es\">comunicacion@socib.es<\/a><\/p>\n<\/div><\/div><\/div><\/div><\/div><div class=\"vc_col-sm-4 wpb_column vc_column_container\"><div class=\"vc_column-inner\"><div class=\"wpb_wrapper\"><div class=\"wpb_text_column\"><div class=\"wpb_wrapper\"><h4><b>Segueix-nos a les xarxes socials amb el <\/b><em><b><i>hashtag<\/i><\/b><\/em><\/h4>\n<p>#TIAMAT #ParquesNacionales<\/p>\n<\/div><\/div><\/div><\/div><\/div><\/div><\/div><\/div><\/div><\/div><\/div><\/section><section class=\"l-section wpb_row height_medium\"><div class=\"l-section-h i-cf\"><div class=\"g-cols vc_row via_flex valign_top type_default stacking_default\"><div class=\"vc_col-sm-12 wpb_column vc_column_container\"><div class=\"vc_column-inner\"><div class=\"wpb_wrapper\"><div class=\"w-separator size_large\"><\/div><\/div><\/div><\/div><\/div><\/div><\/section>\n","protected":false},"excerpt":{"rendered":"Contacte Informaci\u00f3 general Per a qualsevol dubte general sobre el projecte contactar amb: tiamat@socib.es Premsa Per a consultes relacionades amb periodistes o mitjans de comunicaci\u00f3, contactar amb: Servei d\u2019Estrat\u00e8gia Corporativa, Comunicaci\u00f3 i Transfer\u00e8ncia de Coneixement de la ICTS SOCIB comunicacion@socib.es Segueix-nos a les xarxes socials amb el hashtag #TIAMAT #ParquesNacionales","protected":false},"author":1,"featured_media":0,"parent":0,"menu_order":0,"comment_status":"closed","ping_status":"closed","template":"","meta":{"_acf_changed":false,"footnotes":""},"class_list":["post-5468","page","type-page","status-publish","hentry"],"acf":[],"_links":{"self":[{"href":"https:\/\/www.observatoriotiamat.es\/ca\/wp-json\/wp\/v2\/pages\/5468","targetHints":{"allow":["GET"]}}],"collection":[{"href":"https:\/\/www.observatoriotiamat.es\/ca\/wp-json\/wp\/v2\/pages"}],"about":[{"href":"https:\/\/www.observatoriotiamat.es\/ca\/wp-json\/wp\/v2\/types\/page"}],"author":[{"embeddable":true,"href":"https:\/\/www.observatoriotiamat.es\/ca\/wp-json\/wp\/v2\/users\/1"}],"replies":[{"embeddable":true,"href":"https:\/\/www.observatoriotiamat.es\/ca\/wp-json\/wp\/v2\/comments?post=5468"}],"version-history":[{"count":3,"href":"https:\/\/www.observatoriotiamat.es\/ca\/wp-json\/wp\/v2\/pages\/5468\/revisions"}],"predecessor-version":[{"id":5614,"href":"https:\/\/www.observatoriotiamat.es\/ca\/wp-json\/wp\/v2\/pages\/5468\/revisions\/5614"}],"wp:attachment":[{"href":"https:\/\/www.observatoriotiamat.es\/ca\/wp-json\/wp\/v2\/media?parent=5468"}],"curies":[{"name":"wp","href":"https:\/\/api.w.org\/{rel}","templated":true}]}}