{"id":5539,"date":"2023-03-30T17:54:12","date_gmt":"2023-03-30T17:54:12","guid":{"rendered":"https:\/\/www.observatoriotiamat.es\/aviso-legal\/"},"modified":"2023-04-17T11:05:38","modified_gmt":"2023-04-17T11:05:38","slug":"avis-legal","status":"publish","type":"page","link":"https:\/\/www.observatoriotiamat.es\/ca\/avis-legal\/","title":{"rendered":"Av\u00eds legal"},"content":{"rendered":"<h3><b>Condicions generals d&#8217;\u00fas del portal <a href=\"http:\/\/www.observatoriotiamat.es\">www.observatoriotiamat.es<\/a><\/b><\/h3>\n<p><span style=\"font-weight: 300;\">L&#8217;Observatori mar\u00ed del canvi global a la Xarxa de Parcs Nacionals (d&#8217;ara endavant, Observatori TIAMAT) l\u2019informa que l&#8217;acc\u00e9s i l&#8217;\u00fas de la p\u00e0gina web www.observatoriotiamat.es i tots els subdominis i directoris inclosos sota aquesta (d&#8217;ara endavant, conjuntament anomenats com el Portal) estan subjectes als termes que es detallen en aquest Av\u00eds legal, d\u2019acord amb el que s\u2019aplica a la p\u00e0gina web <\/span><a href=\"http:\/\/www.csic.es\"><span style=\"font-weight: 300;\">www.csic.es<\/span><\/a><span style=\"font-weight: 300;\"> del Consell Superior d&#8217;Investigacions Cient\u00edfiques (CSIC). Sense perjudici que l&#8217;acc\u00e9s a algun dels serveis o continguts esmentats poguessin requerir l&#8217;acceptaci\u00f3 d&#8217;unes condicions generals addicionals.<\/span><\/p>\n<p><span style=\"font-weight: 300;\">L&#8217;Observatori TIAMAT es reserva el dret a fer canvis al Portal sense av\u00eds previ, a fi d&#8217;actualitzar, corregir, modificar, afegir o eliminar continguts o elements de disseny. Com que l&#8217;actualitzaci\u00f3 de la informaci\u00f3 no \u00e9s immediata, suggerim comprovar sempre la vig\u00e8ncia i l\u2019exactitud de la informaci\u00f3, serveis i continguts presentats. Aix\u00ed mateix, les condicions i termes que es recullen en aquest Av\u00eds poden variar, per la qual cosa li convidem a revisar aquests termes quan visiti de nou el Portal.<\/span><\/p>\n<h3><b>Drets de propietat intel\u00b7lectual i de propietat industrial<\/b><\/h3>\n<p><span style=\"font-weight: 300;\">Tant el disseny del Portal i els seus codis font, com els logos, marques i altres signes distintius que hi apareixen, pertanyen a l&#8217;Observatori TIAMAT o entitats col\u00b7laboradores i estan protegits pels corresponents drets de propietat intel\u00b7lectual i industrial.<\/span><\/p>\n<p><span style=\"font-weight: 300;\">La informaci\u00f3 disponible al Portal, excepte indicaci\u00f3 expressa en contra, \u00e9s susceptible de reutilitzaci\u00f3; quedant autoritzada la seva reproducci\u00f3 total o parcial, modificaci\u00f3, distribuci\u00f3 i comunicaci\u00f3, per a usos comercials i no comercials, amb subjecci\u00f3 a les condicions seg\u00fcents:<\/span><\/p>\n<ul>\n<li><span style=\"font-weight: 300;\"> Queda prohibida, en qualsevol circumst\u00e0ncia, la desnaturalitzaci\u00f3 del contingut de la informaci\u00f3.<\/span><\/li>\n<li><span style=\"font-weight: 300;\"> L&#8217;usuari queda obligat a citar la font dels documents objecte de reutilitzaci\u00f3.<\/span><\/li>\n<li><span style=\"font-weight: 300;\"> L&#8217;usuari queda obligat a esmentar la data de la darrera actualitzaci\u00f3 dels documents objecte de la reutilitzaci\u00f3.\u00a0<\/span><\/li>\n<li><span style=\"font-weight: 300;\"> L&#8217;Observatori TIAMAT declara el respecte als drets de propietat intel\u00b7lectual i industrial de tercers; per aix\u00f2, si considera que aquest lloc pogu\u00e9s estar violant els seus drets, preguem que es posi en contacte amb l&#8217;Observatori TIAMAT a trav\u00e9s del correu electr\u00f2nic <\/span><a href=\"mailto:tiamat@socib.es\"><span style=\"font-weight: 300;\">tiamat@socib.es<\/span><\/a><span style=\"font-weight: 300;\">.<\/span><\/li>\n<\/ul>\n<h3><b>Links o hiperenlla\u00e7os<\/b><\/h3>\n<p><span style=\"font-weight: 300;\">Els usuaris que es proposin establir un hiperenlla\u00e7 entre la seva p\u00e0gina web i la de l&#8217;Observatori TIAMAT han de tenir en compte el seg\u00fcent:<\/span><\/p>\n<ul>\n<li><span style=\"font-weight: 300;\"> L&#8217;establiment de l&#8217;hiperenlla\u00e7 no implica, en cap cas, l&#8217;exist\u00e8ncia de relacions entre l&#8217;Observatori TIAMAT i el propietari de la p\u00e0gina web, ni l&#8217;acceptaci\u00f3 i l&#8217;aprovaci\u00f3 per part de l&#8217;Observatori TIAMAT dels seus continguts o serveis. Per tant, no es declarar\u00e0 ni es donar\u00e0 a entendre que l&#8217;Observatori TIAMAT ha autoritzat expressament l&#8217;hiperenlla\u00e7, ni que ha supervisat o assumit els continguts i serveis oferts o posats a disposici\u00f3 a la p\u00e0gina web esmentada.<\/span><\/li>\n<\/ul>\n<ul>\n<li><span style=\"font-weight: 300;\"> L&#8217;Observatori TIAMAT no es responsabilitza, de cap manera, ni garanteix la qualitat, exactitud, fiabilitat, correcci\u00f3 o moralitat de continguts o serveis que l&#8217;establiment de l&#8217;hiperenlla\u00e7 pugui oferir. L&#8217;usuari assumeix sota la seva responsabilitat exclusiva les conseq\u00fc\u00e8ncies, danys o accions que es puguin derivar de l&#8217;acc\u00e9s a la p\u00e0gina web de l&#8217;hiperenlla\u00e7.<\/span><\/li>\n<li><span style=\"font-weight: 300;\"> La p\u00e0gina web on s&#8217;estableixi l&#8217;hiperenlla\u00e7 no podr\u00e0 contenir cap marca, denominaci\u00f3, logotip, esl\u00f2gan o altres signes distintius pertanyents a l&#8217;Observatori TIAMAT, excepte els signes que formen part del mateix hiperenlla\u00e7.<\/span><\/li>\n<li><span style=\"font-weight: 300;\"> La p\u00e0gina web on s&#8217;estableixi l&#8217;hiperenlla\u00e7 no contindr\u00e0 informacions amb continguts il\u00b7l\u00edcits, contraris a la moral i als bons costums generalment acceptats i a l&#8217;ordre p\u00fablic, aix\u00ed com tampoc no contindr\u00e0 continguts contraris a drets de tercers.<\/span><\/li>\n<\/ul>\n<h3><b>Frames<\/b><\/h3>\n<p><span style=\"font-weight: 300;\">L&#8217;Observatori TIAMAT prohibeix expressament la realitzaci\u00f3 de \u201cframings\u201d o la utilitzaci\u00f3 per part de tercers de qualsevol altre mecanisme que alteri el disseny, la configuraci\u00f3 original o els continguts del seu Portal.<\/span><\/p>\n<h3><b>Llei aplicable i jurisdicci\u00f3<\/b><\/h3>\n<p><span style=\"font-weight: 300;\">La llei aplicable en cas de disputa o conflicte d\u2019interpretaci\u00f3 dels termes que conformen aquest Av\u00eds legal, aix\u00ed com qualsevol q\u00fcesti\u00f3 relacionada amb els serveis del present Portal, ser\u00e0 la llei espanyola.<\/span><\/p>\n<p><span style=\"font-weight: 300;\">Per a la resoluci\u00f3 de qualsevol conflicte que pugui sorgir en ocasi\u00f3 de la visita al Portal o de l&#8217;\u00fas dels serveis que s&#8217;hi puguin oferir, l&#8217;Observatori TIAMAT i l&#8217;Usuari acorden sotmetre&#8217;s als Jutges i Tribunals de domicili de l&#8217;Usuari, sempre que el mateix estigui situat al territori espanyol.<\/span><\/p>\n","protected":false},"excerpt":{"rendered":"<p>Condicions generals d&#8217;\u00fas del portal www.observatoriotiamat.es L&#8217;Observatori mar\u00ed del canvi global a la Xarxa de Parcs Nacionals (d&#8217;ara endavant, Observatori TIAMAT) l\u2019informa que l&#8217;acc\u00e9s i l&#8217;\u00fas de la p\u00e0gina web www.observatoriotiamat.es i tots els subdominis i directoris inclosos sota aquesta (d&#8217;ara endavant, conjuntament anomenats com el Portal) estan subjectes als termes que es detallen en&#8230;<\/p>\n","protected":false},"author":2,"featured_media":0,"parent":0,"menu_order":0,"comment_status":"closed","ping_status":"closed","template":"","meta":{"_acf_changed":false,"footnotes":""},"class_list":["post-5539","page","type-page","status-publish","hentry"],"acf":[],"_links":{"self":[{"href":"https:\/\/www.observatoriotiamat.es\/ca\/wp-json\/wp\/v2\/pages\/5539","targetHints":{"allow":["GET"]}}],"collection":[{"href":"https:\/\/www.observatoriotiamat.es\/ca\/wp-json\/wp\/v2\/pages"}],"about":[{"href":"https:\/\/www.observatoriotiamat.es\/ca\/wp-json\/wp\/v2\/types\/page"}],"author":[{"embeddable":true,"href":"https:\/\/www.observatoriotiamat.es\/ca\/wp-json\/wp\/v2\/users\/2"}],"replies":[{"embeddable":true,"href":"https:\/\/www.observatoriotiamat.es\/ca\/wp-json\/wp\/v2\/comments?post=5539"}],"version-history":[{"count":3,"href":"https:\/\/www.observatoriotiamat.es\/ca\/wp-json\/wp\/v2\/pages\/5539\/revisions"}],"predecessor-version":[{"id":5687,"href":"https:\/\/www.observatoriotiamat.es\/ca\/wp-json\/wp\/v2\/pages\/5539\/revisions\/5687"}],"wp:attachment":[{"href":"https:\/\/www.observatoriotiamat.es\/ca\/wp-json\/wp\/v2\/media?parent=5539"}],"curies":[{"name":"wp","href":"https:\/\/api.w.org\/{rel}","templated":true}]}}