{"id":5543,"date":"2023-03-30T17:53:44","date_gmt":"2023-03-30T17:53:44","guid":{"rendered":"https:\/\/www.observatoriotiamat.es\/cookies\/"},"modified":"2023-04-17T10:39:20","modified_gmt":"2023-04-17T10:39:20","slug":"cookies","status":"publish","type":"page","link":"https:\/\/www.observatoriotiamat.es\/ca\/cookies\/","title":{"rendered":"Pol\u00edtica de cookies"},"content":{"rendered":"<p><span style=\"font-weight: 300;\">L&#8217;Observatori mar\u00ed del canvi global a la Xarxa de Parcs Nacionals (d&#8217;ara endavant, Observatori TIAMAT) informa sobre l&#8217;\u00fas de les cookies a les seves p\u00e0gines web, d&#8217;acord amb la Pol\u00edtica de cookies que aplica la p\u00e0gina web <\/span><a href=\"http:\/\/www.csic.es\"><span style=\"font-weight: 300;\">www.csic.es<\/span><\/a><span style=\"font-weight: 300;\"> del Consell Superior d\u2019Investigacions Cient\u00edfiques (CSIC).<\/span><\/p>\n<p><span style=\"font-weight: 300;\">Les cookies s\u00f3n arxius que es poden descarregar al seu equip a trav\u00e9s de les p\u00e0gines web. S\u00f3n eines que tenen un paper essencial per a la prestaci\u00f3 de nombrosos serveis de la societat de la informaci\u00f3. Entre d&#8217;altres, permeten a una p\u00e0gina web emmagatzemar i recuperar informaci\u00f3 sobre els h\u00e0bits de navegaci\u00f3 d&#8217;un usuari o del seu equip i, depenent de la informaci\u00f3 obtinguda, es poden utilitzar per recon\u00e8ixer l&#8217;usuari i millorar el servei ofert.<\/span><\/p>\n<h3><b>Tipus de cookies<\/b><\/h3>\n<p><span style=\"font-weight: 300;\">Segons qui sigui l&#8217;entitat que gestioni el domini des d&#8217;on s&#8217;envien les cookies i tracti les dades que s&#8217;obtinguin es poden distingir dos tipus: cookies pr\u00f2pies i cookies de tercers.<\/span><\/p>\n<p><span style=\"font-weight: 300;\">Hi ha tamb\u00e9 una segona classificaci\u00f3 segons el termini de temps que romanen emmagatzemades al navegador del client, podent tractar-se de cookies de sessi\u00f3 o cookies persistents.<\/span><\/p>\n<p><span style=\"font-weight: 300;\">Finalment, hi ha una altra classificaci\u00f3 amb cinc tipus de cookies segons la finalitat per a la qual es tractin les dades obtingudes: cookies t\u00e8cniques, cookies de personalitzaci\u00f3, cookies d&#8217;an\u00e0lisi, cookies publicit\u00e0ries i cookies de publicitat comportamental.<\/span><\/p>\n<p><a href=\"https:\/\/www.aepd.es\/es\/documento\/guia-cookies.pdf\"><span style=\"font-weight: 300;\">Guia sobre l&#8217;\u00fas de les cookies de l&#8217;Ag\u00e8ncia Espanyola de Protecci\u00f3 de Dades (en espanyol)<\/span><\/a><\/p>\n<h3><b>Cookies utilitzades a la web<\/b><\/h3>\n<p><span style=\"font-weight: 300;\">_ ICL_CURRENT_LANGUAGE<\/span><\/p>\n<p><span style=\"font-weight: 300;\">Cookie Funcional: wp-wpml_current_language<\/span><\/p>\n<p><span style=\"font-weight: 300;\">l complement multiling\u00fce de WordPress configura aquesta cookie per guardar la configuraci\u00f3 d&#8217;idioma\/idioma actual.<\/span><\/p>\n<h3><b>Acceptaci\u00f3 de la Pol\u00edtica de cookies<\/b><\/h3>\n<p><span style=\"font-weight: 300;\">L&#8217;Observatori TIAMAT assumeix que accepta l&#8217;\u00fas de cookies. No obstant aix\u00f2, <\/span><span style=\"font-weight: 300;\">a la part inferior de qualsevol p\u00e0gina del Portal<\/span> <a href=\"http:\/\/www.observatoriotiamat.es\"><span style=\"font-weight: 300;\">www.observatoriotiamat.es<\/span><\/a><span style=\"font-weight: 300;\"> es mostrar\u00e0 informaci\u00f3 sobre la Pol\u00edtica de cookies per tal que vost\u00e8 en sigui conscient. Davant d&#8217;aquesta informaci\u00f3 \u00e9s possible dur a terme les accions seg\u00fcents:<\/span><\/p>\n<ul>\n<li style=\"font-weight: 300;\" aria-level=\"1\"><span style=\"font-weight: 300;\">Acceptar les cookies: si l&#8217;usuari prem el bot\u00f3 d&#8217;acceptaci\u00f3, no es tornar\u00e0 a visualitzar aquest av\u00eds en accedir a qualsevol p\u00e0gina del Portal <\/span><a href=\"http:\/\/www.observatoriotiamat.es\"><span style=\"font-weight: 300;\">www.observatoriotiamat.es<\/span><\/a><span style=\"font-weight: 300;\">.<\/span><\/li>\n<li style=\"font-weight: 300;\" aria-level=\"1\"><span style=\"font-weight: 300;\">Revisar la Pol\u00edtica de cookies: L&#8217;usuari podr\u00e0 accedir a aquesta p\u00e0gina on es detalla l&#8217;\u00fas de cookies, aix\u00ed com els enlla\u00e7os per modificar la configuraci\u00f3 del navegador.<\/span><\/li>\n<\/ul>\n<h3><b>Com modificar la configuraci\u00f3 de les cookies<\/b><\/h3>\n<p><span style=\"font-weight: 300;\">Vost\u00e8 pot restringir, bloquejar o esborrar les cookies de l&#8217;Observatori TIAMAT o de qualsevol altra p\u00e0gina web, utilitzant el seu navegador. A cada navegador l&#8217;operativa \u00e9s diferent, la funci\u00f3 d\u2019\u2018Ajuda\u2019 li mostrar\u00e0 com fer-ho.<\/span><\/p>\n<ul>\n<li style=\"font-weight: 300;\" aria-level=\"1\"><a href=\"https:\/\/support.microsoft.com\/es-es\/help\/17442\/windows-internet-explorer-delete-manage-cookies#ie=ie-10\"><span style=\"font-weight: 300;\">Internet Explorer<\/span><\/a><\/li>\n<li style=\"font-weight: 300;\" aria-level=\"1\"><a href=\"https:\/\/support.mozilla.org\/es\/kb\/Borrar%20cookies\"><span style=\"font-weight: 300;\">FireFox<\/span><\/a><span style=\"font-weight: 300;\">\u00a0<\/span><\/li>\n<li style=\"font-weight: 300;\" aria-level=\"1\"><a href=\"https:\/\/support.google.com\/accounts\/answer\/61416?hl=es\"><span style=\"font-weight: 300;\">Chrome <\/span><\/a><span style=\"font-weight: 300;\">\u00a0<\/span><\/li>\n<li style=\"font-weight: 300;\" aria-level=\"1\"><a href=\"https:\/\/www.apple.com\/legal\/privacy\/es\/cookies\/\"><span style=\"font-weight: 300;\">Safari<\/span><\/a><span style=\"font-weight: 300;\">\u00a0<\/span><\/li>\n<\/ul>\n","protected":false},"excerpt":{"rendered":"<p>L&#8217;Observatori mar\u00ed del canvi global a la Xarxa de Parcs Nacionals (d&#8217;ara endavant, Observatori TIAMAT) informa sobre l&#8217;\u00fas de les cookies a les seves p\u00e0gines web, d&#8217;acord amb la Pol\u00edtica de cookies que aplica la p\u00e0gina web www.csic.es del Consell Superior d\u2019Investigacions Cient\u00edfiques (CSIC). Les cookies s\u00f3n arxius que es poden descarregar al seu equip&#8230;<\/p>\n","protected":false},"author":2,"featured_media":0,"parent":0,"menu_order":0,"comment_status":"closed","ping_status":"closed","template":"","meta":{"_acf_changed":false,"footnotes":""},"class_list":["post-5543","page","type-page","status-publish","hentry"],"acf":[],"_links":{"self":[{"href":"https:\/\/www.observatoriotiamat.es\/ca\/wp-json\/wp\/v2\/pages\/5543","targetHints":{"allow":["GET"]}}],"collection":[{"href":"https:\/\/www.observatoriotiamat.es\/ca\/wp-json\/wp\/v2\/pages"}],"about":[{"href":"https:\/\/www.observatoriotiamat.es\/ca\/wp-json\/wp\/v2\/types\/page"}],"author":[{"embeddable":true,"href":"https:\/\/www.observatoriotiamat.es\/ca\/wp-json\/wp\/v2\/users\/2"}],"replies":[{"embeddable":true,"href":"https:\/\/www.observatoriotiamat.es\/ca\/wp-json\/wp\/v2\/comments?post=5543"}],"version-history":[{"count":5,"href":"https:\/\/www.observatoriotiamat.es\/ca\/wp-json\/wp\/v2\/pages\/5543\/revisions"}],"predecessor-version":[{"id":5677,"href":"https:\/\/www.observatoriotiamat.es\/ca\/wp-json\/wp\/v2\/pages\/5543\/revisions\/5677"}],"wp:attachment":[{"href":"https:\/\/www.observatoriotiamat.es\/ca\/wp-json\/wp\/v2\/media?parent=5543"}],"curies":[{"name":"wp","href":"https:\/\/api.w.org\/{rel}","templated":true}]}}