{"id":6217,"date":"2024-10-21T13:14:59","date_gmt":"2024-10-21T11:14:59","guid":{"rendered":"https:\/\/www.observatoriotiamat.es\/?page_id=6217"},"modified":"2025-02-18T14:04:06","modified_gmt":"2025-02-18T12:04:06","slug":"recursos-educativos","status":"publish","type":"page","link":"https:\/\/www.observatoriotiamat.es\/ca\/recursos-educativos\/","title":{"rendered":"Recursos educativos del Observatorio TIAMAT"},"content":{"rendered":"<section class=\"l-section wpb_row us_custom_ada1a296 us_animate_this height_auto full_height valign_center color_secondary with_shape\"><div class=\"l-section-overlay\" style=\"background:var(--color-header-top-transparent-bg)\"><\/div><div class=\"l-section-shape type_curve pos_bottom\" style=\"height:15vmin;\"><svg xmlns=\"http:\/\/www.w3.org\/2000\/svg\" viewBox=\"0 0 64 8\" preserveAspectRatio=\"none\" width=\"100%\" height=\"100%\">\r\n\t<path fill=\"currentColor\" d=\"M64 8 L64 0 Q32 15.8 0 0 L0 8 Z\"\/>\r\n<\/svg><\/div><div class=\"l-section-h i-cf\"><div class=\"g-cols vc_row via_flex valign_middle type_default stacking_default\"><div class=\"vc_col-sm-12 wpb_column vc_column_container\"><div class=\"vc_column-inner\"><div class=\"wpb_wrapper\"><div class=\"w-separator size_large\"><\/div><h2 class=\"w-text us_custom_d41a9b72 has_text_color\"><span class=\"w-text-h\"><span class=\"w-text-value\">Recursos educativos del Observatorio TIAMAT<\/span><\/span><\/h2><h3 class=\"w-text us_custom_c03e7b5e has_text_color\"><span class=\"w-text-h\"><span class=\"w-text-value\">Explora el impacto del cambio global en los Parques Nacionales: Aprende con los recursos educativos del Observatorio TIAMAT<\/span><\/span><\/h3><div class=\"w-separator size_small with_line width_default thick_1 style_solid color_border align_center\"><div class=\"w-separator-h\"><\/div><\/div><\/div><\/div><\/div><div class=\"vc_col-sm-12 wpb_column vc_column_container\"><div class=\"vc_column-inner\"><div class=\"wpb_wrapper\"><div class=\"w-vwrapper us_custom_98818afa align_center valign_middle\" style=\"--vwrapper-gap:2.6rem\"><div class=\"wpb_text_column\"><div class=\"wpb_wrapper\"><p><span style=\"color: #ffffff;\">Descubre el valor de los Parques Nacionales a trav\u00e9s de los recursos interactivos gratuitos del Observatorio TIAMAT, enfocados en el cambio global, la ciencia y la conservaci\u00f3n. Dise\u00f1ados para involucrar a estudiantes, profesionales y educadores, estos materiales facilitan el aprendizaje sobre la ciencia que sustenta la gesti\u00f3n ambiental y la sostenibilidad.<\/span><\/p>\n<p><span style=\"color: #ffffff;\">Ofrecen una experiencia educativa enriquecedora y accesible, con el objetivo de informar sobre la importancia cr\u00edtica de los Parques Nacionales en la lucha contra el cambio clim\u00e1tico. Adem\u00e1s, buscan inspirar a las futuras generaciones en la protecci\u00f3n y conservaci\u00f3n de nuestro planeta.<\/span><\/p>\n<\/div><\/div><\/div><div class=\"w-separator size_small\"><\/div><div class=\"w-btn-wrapper align_center\"><a class=\"w-btn us-btn-style_1 us_custom_f2eec366 icon_atright\" href=\"https:\/\/www.observatoriotiamat.es\/recursos-educativos\/#unidad-didactica\"><span class=\"w-btn-label\">Unidad did\u00e1ctica: Los Parques Nacionales ante el cambio global: Observatorio TIAMAT<\/span><i class=\"fas fa-long-arrow-down\"><\/i><\/a><\/div><div class=\"w-separator size_small\"><\/div><div class=\"w-btn-wrapper align_center\"><a class=\"w-btn us-btn-style_1 us_custom_f2eec366 icon_atright\" target=\"_blank\" href=\"https:\/\/www.observatoriotiamat.es\/recursos-educativos\/#kahoot\"><span class=\"w-btn-label\">Kahoot! interactivos<\/span><i class=\"fas fa-long-arrow-down\"><\/i><\/a><\/div><div class=\"w-separator size_small\"><\/div><div class=\"w-btn-wrapper align_center\"><a class=\"w-btn us-btn-style_1 us_custom_f2eec366 icon_atright\" target=\"_blank\" href=\"https:\/\/www.observatoriotiamat.es\/recursos-educativos\/#videoturorial\"><span class=\"w-btn-label\">Videotutorial sobre el uso de las herramientas del Observatorio TIAMAT<\/span><i class=\"fas fa-long-arrow-down\"><\/i><\/a><\/div><div class=\"w-separator size_large\"><\/div><\/div><\/div><\/div><\/div><\/div><\/section><section class=\"l-section wpb_row height_medium\"><div class=\"l-section-h i-cf\"><div class=\"g-cols vc_row via_flex valign_top type_default stacking_default\"><div class=\"vc_col-sm-12 wpb_column vc_column_container\"><div class=\"vc_column-inner\"><div class=\"wpb_wrapper\"><div class=\"w-separator size_medium\"><\/div><div class=\"wpb_text_column us_custom_7e20fa79 us_animate_this\"><div class=\"wpb_wrapper\"><h2 style=\"text-align: center;\">\u00a1Comienza a explorar nuestros recursos y \u00fanete a la conservaci\u00f3n de los Parques Nacionales!<\/h2>\n<\/div><\/div><div class=\"w-separator size_large\"><\/div><div data-us-scroll=\"{&quot;from_initial_position&quot;:&quot;0&quot;,&quot;start_position&quot;:&quot;0%&quot;,&quot;end_position&quot;:&quot;100%&quot;,&quot;delay&quot;:&quot;0.1s&quot;,&quot;translate_x_direction&quot;:&quot;left&quot;,&quot;translate_x_speed&quot;:&quot;0.5x&quot;}\" class=\"w-separator us_custom_8a8897b1 us_animate_this has_scroll_effects has_translate_x size_large with_line width_50 thick_1 style_solid color_border align_center\"><div class=\"w-separator-h\"><\/div><\/div><div class=\"w-separator size_large\"><\/div><div class=\"g-cols wpb_row via_flex valign_top type_default stacking_default\"><div data-us-scroll=\"{&quot;from_initial_position&quot;:&quot;0&quot;,&quot;start_position&quot;:&quot;0%&quot;,&quot;end_position&quot;:&quot;100%&quot;,&quot;delay&quot;:&quot;0.1s&quot;,&quot;translate_x_direction&quot;:&quot;left&quot;,&quot;translate_x_speed&quot;:&quot;0.5x&quot;}\" class=\"vc_col-sm-3 wpb_column vc_column_container has_scroll_effects has_translate_x\"><div class=\"vc_column-inner\"><div class=\"wpb_wrapper\"><div class=\"w-image has_ratio align_none\"><div class=\"w-image-h\"><div style=\"padding-bottom:150%\"><\/div><img decoding=\"async\" width=\"1200\" height=\"1500\" src=\"https:\/\/www.observatoriotiamat.es\/wp-content\/uploads\/2024\/10\/Diseno-sin-titulo-6.png\" class=\"attachment-full size-full\" alt=\"\" loading=\"lazy\" \/><\/div><\/div><\/div><\/div><\/div><div class=\"vc_col-sm-9 wpb_column vc_column_container\"><div class=\"vc_column-inner\"><div class=\"wpb_wrapper\"><div class=\"wpb_text_column\" id=\"unidad-didactica\"><div class=\"wpb_wrapper\"><h3>Unidad did\u00e1ctica: Los Parques Nacionales ante el cambio global: Observatorio TIAMAT<\/h3>\n<\/div><\/div><div class=\"w-separator size_large\"><\/div><div class=\"wpb_text_column\"><div class=\"wpb_wrapper\"><p>Esta unidad did\u00e1ctica est\u00e1 dirigida a <strong>alumnado de secundaria, profesionales en formaci\u00f3n y educadores<\/strong> en ciencias ambientales, biolog\u00eda, geograf\u00eda y gesti\u00f3n de recursos naturales. Ofrece recursos pr\u00e1cticos y adaptables para <strong>visitas guiadas y programas educativos<\/strong> en los Parques Nacionales.<\/p>\n<p>A trav\u00e9s de esta unidad, comprender\u00e1s los<strong> retos del cambio global<\/strong> y c\u00f3mo el Observatorio TIAMAT apoya la conservaci\u00f3n del Parque Nacional Mar\u00edtimo-Terrestre del Archipi\u00e9lago de <strong>Cabrera<\/strong>, el Parque Nacional Mar\u00edtimo-Terrestre de las <strong>Islas Atl\u00e1nticas de Galicia<\/strong> y la zona del frente marino del Parque Nacional de<strong> Do\u00f1ana<\/strong>.<\/p>\n<p>Mediante ejercicios din\u00e1micos, juegos educativos y el uso de tecnolog\u00edas basadas en la teledetecci\u00f3n, te familiarizar\u00e1s con las <strong>herramientas cient\u00edficas m\u00e1s avanzadas para la monitorizaci\u00f3n y an\u00e1lisis de los ecosistemas marinos<\/strong>.<\/p>\n<\/div><\/div><div class=\"w-separator size_small\"><\/div><div class=\"w-btn-wrapper align_left\"><a class=\"w-btn us-btn-style_1 us_custom_12829b65 us_animate_this icon_atleft\" href=\"https:\/\/www.observatoriotiamat.es\/wp-content\/uploads\/2024\/10\/unidad-didactica-tiamat.pdf\"><i class=\"fas fa-long-arrow-right\"><\/i><span class=\"w-btn-label\">DESCARGAR<\/span><\/a><\/div><\/div><\/div><\/div><\/div><div class=\"w-separator size_large\"><\/div><div data-us-scroll=\"{&quot;from_initial_position&quot;:&quot;0&quot;,&quot;start_position&quot;:&quot;0%&quot;,&quot;end_position&quot;:&quot;100%&quot;,&quot;delay&quot;:&quot;0.1s&quot;,&quot;translate_x_direction&quot;:&quot;left&quot;,&quot;translate_x_speed&quot;:&quot;0.5x&quot;}\" class=\"w-separator us_custom_8a8897b1 us_animate_this has_scroll_effects has_translate_x size_large with_line width_50 thick_1 style_solid color_border align_center\"><div class=\"w-separator-h\"><\/div><\/div><div class=\"w-separator size_large\"><\/div><div class=\"g-cols wpb_row via_flex valign_top type_default stacking_default\"><div class=\"vc_col-sm-6 wpb_column vc_column_container\"><div class=\"vc_column-inner\"><div class=\"wpb_wrapper\"><div class=\"wpb_text_column\" id=\"kahoot\"><div class=\"wpb_wrapper\"><h3>Kahoot! interactivos<\/h3>\n<\/div><\/div><div class=\"w-separator size_large\"><\/div><div class=\"wpb_text_column\"><div class=\"wpb_wrapper\"><h4><b>El Observatorio TIAMAT y los Parques Nacionales ante el cambio global I. Ciencia<\/b><\/h4>\n<\/div><\/div><div class=\"w-separator size_medium\"><\/div><div class=\"wpb_text_column\"><div class=\"wpb_wrapper\"><p><span style=\"font-weight: 400;\">Este Kahoot! est\u00e1 dise\u00f1ado para evaluar y reforzar conocimientos sobre los desaf\u00edos que enfrentan los Parques Nacionales debido al cambio global. Tambi\u00e9n explora c\u00f3mo el Observatorio TIAMAT ofrece herramientas cient\u00edficas para una gesti\u00f3n m\u00e1s sostenible. Incluye 14 preguntas y una <\/span><a href=\"https:\/\/www.observatoriotiamat.es\/wp-content\/uploads\/2024\/10\/Kahoot_Observatorio_TIAMAT_I.pdf\"><span style=\"font-weight: 400;\">presentaci\u00f3n<\/span><\/a><span style=\"font-weight: 400;\"> complementaria que recopila los conceptos clave del juego.<\/span><\/p>\n<\/div><\/div><div class=\"w-separator size_medium\"><\/div><div class=\"w-btn-wrapper align_left\"><a class=\"w-btn us-btn-style_1 us_custom_12829b65 us_animate_this icon_atleft\" href=\"https:\/\/create.kahoot.it\/share\/el-observatorio-tiamat-y-los-parques-nacionales-ante-el-cambio-global-i-ciencia\/a6f87831-609e-4d34-8172-6dc77314463e\"><i class=\"fas fa-external-link\"><\/i><span class=\"w-btn-label\">JUGAR AHORA<\/span><\/a><\/div><div class=\"w-separator size_large\"><\/div><div class=\"wpb_text_column\"><div class=\"wpb_wrapper\"><h4><b>El Observatorio TIAMAT y los Parques Nacionales ante el cambio global II. Ecosistemas<\/b><\/h4>\n<\/div><\/div><div class=\"w-separator size_medium\"><\/div><div class=\"wpb_text_column\"><div class=\"wpb_wrapper\"><p><span style=\"font-weight: 400;\">Este segundo Kahoot! ampl\u00eda la informaci\u00f3n sobre los ecosistemas y los retos que deben afrontar los Parques Nacionales con sistemas marinos ante el cambio global. Incluye 9 preguntas y una <\/span><a href=\"https:\/\/www.observatoriotiamat.es\/wp-content\/uploads\/2024\/10\/Kahoot_Observatorio_TIAMAT_II.pdf\"><span style=\"font-weight: 400;\">presentaci\u00f3n<\/span><\/a><span style=\"font-weight: 400;\"> complementaria que recopila los conceptos clave del juego.<\/span><\/p>\n<\/div><\/div><div class=\"w-separator size_medium\"><\/div><div class=\"w-btn-wrapper align_left\"><a class=\"w-btn us-btn-style_1 us_custom_12829b65 us_animate_this icon_atleft\" href=\"https:\/\/create.kahoot.it\/share\/el-observatorio-tiamat-y-los-parques-nacionales-ante-el-cambio-global-ii-ecosistemas\/2d141662-66e4-429a-97aa-82e78e6e67cc\"><i class=\"fas fa-external-link\"><\/i><span class=\"w-btn-label\">JUGAR AHORA<\/span><\/a><\/div><\/div><\/div><\/div><div class=\"vc_col-sm-6 wpb_column vc_column_container\"><div class=\"vc_column-inner\"><div class=\"wpb_wrapper\"><div class=\"w-image has_ratio align_none\"><div class=\"w-image-h\"><div style=\"padding-bottom:150%\"><\/div><img decoding=\"async\" width=\"1200\" height=\"1500\" src=\"https:\/\/www.observatoriotiamat.es\/wp-content\/uploads\/2024\/10\/kahoot-1.png\" class=\"attachment-full size-full\" alt=\"\" loading=\"lazy\" \/><\/div><\/div><\/div><\/div><\/div><\/div><\/div><\/div><\/div><div class=\"vc_col-sm-12 wpb_column vc_column_container\"><div class=\"vc_column-inner\"><div class=\"wpb_wrapper\"><div class=\"w-separator us_custom_8a8897b1 us_animate_this size_large with_line width_50 thick_1 style_solid color_border align_center\"><div class=\"w-separator-h\"><\/div><\/div><div class=\"w-separator size_large\"><\/div><div class=\"g-cols wpb_row via_flex valign_middle type_default stacking_default\"><div class=\"vc_col-sm-6 wpb_column vc_column_container\"><div class=\"vc_column-inner\"><div class=\"wpb_wrapper\">[vc_raw_html]JTNDaWZyYW1lJTIwd2lkdGglM0QlMjI1NjAlMjIlMjBoZWlnaHQlM0QlMjIzMTUlMjIlMjBzcmMlM0QlMjJodHRwcyUzQSUyRiUyRnd3dy55b3V0dWJlLmNvbSUyRmVtYmVkJTJGdHZERzF2cDF2b28lM0ZzaSUzRDN4YTFyOGNrN3FBTlR0UnIlMjIlMjB0aXRsZSUzRCUyMllvdVR1YmUlMjB2aWRlbyUyMHBsYXllciUyMiUyMGZyYW1lYm9yZGVyJTNEJTIyMCUyMiUyMGFsbG93JTNEJTIyYWNjZWxlcm9tZXRlciUzQiUyMGF1dG9wbGF5JTNCJTIwY2xpcGJvYXJkLXdyaXRlJTNCJTIwZW5jcnlwdGVkLW1lZGlhJTNCJTIwZ3lyb3Njb3BlJTNCJTIwcGljdHVyZS1pbi1waWN0dXJlJTNCJTIwd2ViLXNoYXJlJTIyJTIwcmVmZXJyZXJwb2xpY3klM0QlMjJzdHJpY3Qtb3JpZ2luLXdoZW4tY3Jvc3Mtb3JpZ2luJTIyJTIwYWxsb3dmdWxsc2NyZWVuJTNFJTNDJTJGaWZyYW1lJTNF[\/vc_raw_html]<\/div><\/div><\/div><div class=\"vc_col-sm-6 wpb_column vc_column_container\"><div class=\"vc_column-inner\"><div class=\"wpb_wrapper\"><div class=\"wpb_text_column\" id=\"videoturorial\"><div class=\"wpb_wrapper\"><h3 style=\"text-align: left;\">Videotutorial sobre el uso de las herramientas del Observatorio TIAMAT<\/h3>\n<\/div><\/div><div class=\"w-separator size_large\"><\/div><div class=\"wpb_text_column\"><div class=\"wpb_wrapper\"><p style=\"text-align: left;\"><span style=\"font-weight: 400;\">Este videotutorial <strong>gu\u00eda paso a paso<\/strong> en el uso de las herramientas del Observatorio TIAMAT, esenciales para la monitorizaci\u00f3n y conservaci\u00f3n de los Parques Nacionales Mar\u00edtimo-Terrestres del Archipi\u00e9lago de <strong>Cabrera<\/strong>, <strong>Islas Atl\u00e1nticas de Galicia<\/strong> y la zona del frente marino del Parque Nacional de <strong>Do\u00f1ana<\/strong>.<\/span><\/p>\n<p style=\"text-align: left;\"><span style=\"font-weight: 400;\">A trav\u00e9s de este tutorial, aprender\u00e1s a <strong>acceder a mapas, series temporales y an\u00e1lisis de variables oce\u00e1nicas<\/strong> clave, como la temperatura del mar, el nivel del mar, las corrientes oce\u00e1nicas y el viento, as\u00ed como <strong>indicadores espec\u00edficos<\/strong> como olas de calor marinas y calidad del agua. Estas herramientas son vitales para la gesti\u00f3n ambiental, apoyando tanto la investigaci\u00f3n como la t<strong>oma de decisiones para la conservaci\u00f3n<\/strong> de estos entornos naturales.<\/span><\/p>\n<\/div><\/div><\/div><\/div><\/div><\/div><div class=\"w-separator size_large\"><\/div><div class=\"w-separator us_custom_8a8897b1 us_animate_this size_large with_line width_50 thick_1 style_solid color_border align_center\"><div class=\"w-separator-h\"><\/div><\/div><\/div><\/div><\/div><\/div><\/div><\/section><section class=\"l-section wpb_row height_medium\"><div class=\"l-section-h i-cf\"><div class=\"g-cols vc_row via_flex valign_top type_default stacking_default\"><div class=\"vc_col-sm-12 wpb_column vc_column_container\"><div class=\"vc_column-inner\"><div class=\"wpb_wrapper\"><div class=\"w-btn-wrapper align_center\"><a class=\"w-btn us-btn-style_1\" target=\"_blank\" href=\"https:\/\/www.observatoriotiamat.es\/sobre-nosotros\/\"><span class=\"w-btn-label\">SABER M\u00c1S SOBRE EL OBSERVATORIO TIAMAT<\/span><\/a><\/div><\/div><\/div><\/div><\/div><\/div><\/section>\n","protected":false},"excerpt":{"rendered":"Recursos educativos del Observatorio TIAMATExplora el impacto del cambio global en los Parques Nacionales: Aprende con los recursos educativos del Observatorio TIAMATDescubre el valor de los Parques Nacionales a trav\u00e9s de los recursos interactivos gratuitos del Observatorio TIAMAT, enfocados en el cambio global, la ciencia y la conservaci\u00f3n. Dise\u00f1ados para involucrar a estudiantes, profesionales y...","protected":false},"author":4,"featured_media":0,"parent":0,"menu_order":0,"comment_status":"closed","ping_status":"closed","template":"","meta":{"_acf_changed":false,"footnotes":""},"class_list":["post-6217","page","type-page","status-publish","hentry"],"acf":[],"_links":{"self":[{"href":"https:\/\/www.observatoriotiamat.es\/ca\/wp-json\/wp\/v2\/pages\/6217","targetHints":{"allow":["GET"]}}],"collection":[{"href":"https:\/\/www.observatoriotiamat.es\/ca\/wp-json\/wp\/v2\/pages"}],"about":[{"href":"https:\/\/www.observatoriotiamat.es\/ca\/wp-json\/wp\/v2\/types\/page"}],"author":[{"embeddable":true,"href":"https:\/\/www.observatoriotiamat.es\/ca\/wp-json\/wp\/v2\/users\/4"}],"replies":[{"embeddable":true,"href":"https:\/\/www.observatoriotiamat.es\/ca\/wp-json\/wp\/v2\/comments?post=6217"}],"version-history":[{"count":2,"href":"https:\/\/www.observatoriotiamat.es\/ca\/wp-json\/wp\/v2\/pages\/6217\/revisions"}],"predecessor-version":[{"id":6555,"href":"https:\/\/www.observatoriotiamat.es\/ca\/wp-json\/wp\/v2\/pages\/6217\/revisions\/6555"}],"wp:attachment":[{"href":"https:\/\/www.observatoriotiamat.es\/ca\/wp-json\/wp\/v2\/media?parent=6217"}],"curies":[{"name":"wp","href":"https:\/\/api.w.org\/{rel}","templated":true}]}}