{"id":5447,"date":"2022-11-29T19:07:40","date_gmt":"2022-11-29T17:07:40","guid":{"rendered":"https:\/\/www.observatoriotiamat.es\/publicaciones\/"},"modified":"2024-07-10T13:26:48","modified_gmt":"2024-07-10T11:26:48","slug":"publicacions","status":"publish","type":"page","link":"https:\/\/www.observatoriotiamat.es\/gl\/publicacions\/","title":{"rendered":"Publicaci\u00f3ns"},"content":{"rendered":"<section class=\"l-section wpb_row us_custom_ab2c1643 height_medium\"><div class=\"l-section-h i-cf\"><div class=\"g-cols vc_row via_flex valign_top type_default stacking_default\"><div class=\"vc_col-sm-12 wpb_column vc_column_container\"><div class=\"vc_column-inner\"><div class=\"wpb_wrapper\"><div class=\"wpb_text_column us_custom_091803fd has_text_color us_animate_this\"><div class=\"wpb_wrapper\"><h5>Produci\u00f3n cient\u00edfica<\/h5>\n<\/div><\/div><div class=\"w-separator us_custom_700ae224 us_animate_this size_small\"><\/div><div class=\"w-separator size_medium\"><\/div><div class=\"w-grid us_grid type_masonry layout_4571 cols_1 pagination_ajax preload_style_spinner\" id=\"us_grid_1\" style=\"--columns:1;--gap:1.5rem;\" data-filterable=\"true\"><style>.layout_4571 .w-grid-item-h{border-radius:0.3rem;box-shadow:0 0rem 0rem rgba(0,0,0,0.1),0 0rem 0rem rgba(0,0,0,0.1);transition-duration:0.3s}.no-touch .layout_4571 .w-grid-item-h:hover{box-shadow:0 0.2rem 0.4rem rgba(0,0,0,0.1),0 0.67rem 2rem rgba(0,0,0,0.15);z-index:4}.layout_4571 .usg_vwrapper_1{transition-duration:0.3s;transform-origin:50% 50%;transform:scale(1) translate(0%,0%)}.layout_4571 .w-grid-item-h:focus-within .usg_vwrapper_1,.layout_4571 .w-grid-item-h:hover .usg_vwrapper_1{transform:scale(1) translate(0%,0%);opacity:1;border-color:transparent!important}.layout_4571 .usg_post_title_1{transition-duration:0.3s;transform-origin:50% 50%;transform:scale(1) translate(0%,0%)}.layout_4571 .w-grid-item-h:focus-within .usg_post_title_1,.layout_4571 .w-grid-item-h:hover .usg_post_title_1{transform:scale(1) translate(0%,0%);opacity:1;color:#00629d!important}.layout_4571 .usg_post_custom_field_2{transition-duration:0.3s;transform-origin:50% 50%;transform:scale(1) translate(0%,0%)}.layout_4571 .w-grid-item-h:focus-within .usg_post_custom_field_2,.layout_4571 .w-grid-item-h:hover .usg_post_custom_field_2{transform:scale(1) translate(0%,0%);opacity:1;color:#00629d!important}.layout_4571 .usg_vwrapper_1{border-radius:0.3rem!important;padding:10%!important;background:#ffffff!important;border:1px solid var(--color-content-border)!important}.layout_4571 .usg_post_title_1{color:#009ca8!important;font-size:1.2em!important;font-weight:400!important}.layout_4571 .usg_post_content_2{font-style:italic!important}.layout_4571 .usg_post_custom_field_2{color:#009ca8!important}<\/style><div class=\"w-grid-list\">\t<article class=\"w-grid-item size_1x1 post-6422 us_portfolio type-us_portfolio status-publish hentry us_portfolio_category-publicaciones-gl\" data-id=\"6422\">\r\n\t\t<div class=\"w-grid-item-h\">\r\n\t\t\t\t\t\t<div class=\"w-vwrapper usg_vwrapper_1 align_none valign_top\" style=\"--vwrapper-gap:0.5rem\"><div class=\"w-post-elm post_content usg_post_content_1\"><p><span style=\"font-weight: 400;\">Juza, M., Navarro, G., Caballero, I., G\u00f3mez, A. G., Ribot, Ll., Rodr\u00edguez, R.,\u00a0 &amp; Tintor\u00e9, J. (2024, mayo 8-9).<\/span><\/p>\n<\/div><h4 class=\"w-post-elm post_title usg_post_title_1 has_text_color entry-title color_link_inherit\">TIAMAT: Un observatorio marino para el cambio clim\u00e1tico en los Parques Nacionales<\/h4><div class=\"w-post-elm post_content usg_post_content_2\"><p>XVII Jornadas Espa\u00f1olas de Ingenier\u00eda de Costas y Puertos.<\/p>\n<\/div><\/div>\t\t<\/div>\r\n\t\t\t<\/article>\r\n\t<article class=\"w-grid-item size_1x1 post-6406 us_portfolio type-us_portfolio status-publish hentry us_portfolio_category-publicaciones-gl\" data-id=\"6406\">\r\n\t\t<div class=\"w-grid-item-h\">\r\n\t\t\t\t\t\t<div class=\"w-vwrapper usg_vwrapper_1 align_none valign_top\" style=\"--vwrapper-gap:0.5rem\"><div class=\"w-post-elm post_content usg_post_content_1\"><p><span style=\"font-weight: 400;\">Juza, M., Navarro, G., Caballero, I., G\u00f3mez, A. G., Ribot, Ll., Rodr\u00edguez, R.,\u00a0 &amp; Tintor\u00e9, J. (2023, junio 4-9). <\/span><\/p>\n<\/div><h4 class=\"w-post-elm post_title usg_post_title_1 has_text_color entry-title color_link_inherit\">TIAMAT: A marine observatory for climate change in the Spanish National Parks<\/h4><div class=\"w-post-elm post_content usg_post_content_2\"><p>2023 Aquatic Sciences Meeting.<\/p>\n<\/div><\/div>\t\t<\/div>\r\n\t\t\t<\/article>\r\n\t<article class=\"w-grid-item size_1x1 post-6399 us_portfolio type-us_portfolio status-publish hentry us_portfolio_category-publicaciones-gl\" data-id=\"6399\">\r\n\t\t<div class=\"w-grid-item-h\">\r\n\t\t\t\t\t\t<div class=\"w-vwrapper usg_vwrapper_1 align_none valign_top\" style=\"--vwrapper-gap:0.5rem\"><div class=\"w-post-elm post_content usg_post_content_1\"><p><span style=\"font-weight: 400;\">Roca, M., Lee, C. B., Caballero, I., Navarro, G., &amp; Traganos, D. (2024, junio 4-7).<\/span><\/p>\n<\/div><h4 class=\"w-post-elm post_title usg_post_title_1 has_text_color entry-title color_link_inherit\">Cartograf\u00eda derivada de sat\u00e9lite de Posidonia oceanica en el Archipi\u00e9lago de Cabrera<\/h4><div class=\"w-post-elm post_content usg_post_content_2\"><p>XX Congreso de la Asociaci\u00f3n Espa\u00f1ola de Teledetecci\u00f3n (AET 2024).<\/p>\n<\/div><\/div>\t\t<\/div>\r\n\t\t\t<\/article>\r\n<\/div>\t<div class=\"w-grid-preloader\">\r\n\t\t<div class=\"g-preloader type_1\">\r\n\t\t\t<div><\/div>\r\n\t\t<\/div>\r\n\t<\/div>\r\n\t\t\t\t<div class=\"g-loadmore \">\r\n\t\t\t\t<div class=\"g-preloader type_1\">\r\n\t\t\t\t\t<div><\/div>\r\n\t\t\t\t<\/div>\r\n\t\t\t\t<button class=\"w-btn us-btn-style_1\">\r\n\t\t\t\t\t<span class=\"w-btn-label\">Load More<\/span>\r\n\t\t\t\t<\/button>\r\n\t\t\t<\/div>\r\n\t\t\t\t<div class=\"w-grid-json hidden\" onclick='return {&quot;action&quot;:&quot;us_ajax_grid&quot;,&quot;infinite_scroll&quot;:0,&quot;max_num_pages&quot;:7,&quot;pagination&quot;:&quot;ajax&quot;,&quot;template_vars&quot;:{&quot;columns&quot;:&quot;1&quot;,&quot;exclude_items&quot;:&quot;none&quot;,&quot;img_size&quot;:&quot;default&quot;,&quot;ignore_items_size&quot;:0,&quot;items_layout&quot;:&quot;4571&quot;,&quot;items_offset&quot;:&quot;1&quot;,&quot;load_animation&quot;:&quot;none&quot;,&quot;overriding_link&quot;:&quot;%7B%22url%22%3A%22%22%7D&quot;,&quot;post_id&quot;:0,&quot;query_args&quot;:{&quot;post_type&quot;:[&quot;us_portfolio&quot;],&quot;tax_query&quot;:[{&quot;taxonomy&quot;:&quot;us_portfolio_category&quot;,&quot;field&quot;:&quot;slug&quot;,&quot;terms&quot;:[&quot;publicaciones&quot;]}],&quot;post_status&quot;:[&quot;publish&quot;,&quot;acf-disabled&quot;],&quot;posts_per_page&quot;:&quot;3&quot;},&quot;orderby_query_args&quot;:{&quot;orderby&quot;:{&quot;date&quot;:&quot;DESC&quot;}},&quot;type&quot;:&quot;masonry&quot;,&quot;us_grid_post_type&quot;:&quot;us_portfolio&quot;,&quot;us_grid_ajax_index&quot;:1,&quot;us_grid_filter_query_string&quot;:null,&quot;us_grid_index&quot;:1,&quot;page_args&quot;:[],&quot;lang&quot;:&quot;gl&quot;}}'><\/div>\r\n\t<\/div><div class=\"w-separator size_large\"><\/div><\/div><\/div><\/div><\/div><\/div><\/section><section class=\"l-section wpb_row us_custom_ab2c1643 height_medium\"><div class=\"l-section-h i-cf\"><div class=\"g-cols vc_row via_flex valign_top type_default stacking_default\"><div class=\"vc_col-sm-12 wpb_column vc_column_container\"><div class=\"vc_column-inner\"><div class=\"wpb_wrapper\"><div class=\"wpb_text_column us_custom_091803fd has_text_color us_animate_this\"><div class=\"wpb_wrapper\"><h5>Recursos divulgativos<\/h5>\n<\/div><\/div><div class=\"w-separator us_custom_700ae224 us_animate_this size_small\"><\/div><div class=\"w-separator size_medium\"><\/div><div class=\"w-grid us_grid type_masonry layout_4571 cols_1 pagination_ajax preload_style_spinner\" id=\"us_grid_2\" style=\"--columns:1;--gap:1.5rem;\" data-filterable=\"true\"><div class=\"w-grid-list\">\t<article class=\"w-grid-item size_1x1 post-6232 us_portfolio type-us_portfolio status-publish hentry us_portfolio_category-recursos-divulgativos-2\" data-id=\"6232\">\r\n\t\t<div class=\"w-grid-item-h\">\r\n\t\t\t\t\t\t<div class=\"w-vwrapper usg_vwrapper_1 align_none valign_top\" style=\"--vwrapper-gap:0.5rem\"><div class=\"w-post-elm post_content usg_post_content_1\"><p>Ribot, L., Rodr\u00edguez, R., Juza, M., Ortiz, V., &amp; G\u00f3mez, A.G. (2024).<\/p>\n<\/div><h4 class=\"w-post-elm post_title usg_post_title_1 has_text_color entry-title color_link_inherit\"><a href=\"https:\/\/www.observatoriotiamat.es\/wp-content\/uploads\/2024\/10\/unidad-didactica-tiamat.pdf\">Unidad did\u00e1ctica: Los Parques Nacionales ante el cambio global: Observatorio TIAMAT [Teaching Unit]<\/a><\/h4><div class=\"w-post-elm post_content usg_post_content_2\"><p>TIAMAT.<\/p>\n<\/div><div class=\"w-post-elm post_custom_field usg_post_custom_field_2 wordwrap has_text_color type_text url color_link_inherit\"><a href=\"https:\/\/www.observatoriotiamat.es\/wp-content\/uploads\/2024\/10\/unidad-didactica-tiamat.pdf\"><span class=\"w-post-elm-value\">https:\/\/www.observatoriotiamat.es\/wp-content\/uploads\/2024\/10\/unidad-didactica-tiamat.pdf<\/span><\/a><\/div><\/div>\t\t<\/div>\r\n\t\t\t<\/article>\r\n\t<article class=\"w-grid-item size_1x1 post-6226 us_portfolio type-us_portfolio status-publish hentry us_portfolio_category-recursos-divulgativos-2\" data-id=\"6226\">\r\n\t\t<div class=\"w-grid-item-h\">\r\n\t\t\t\t\t\t<div class=\"w-vwrapper usg_vwrapper_1 align_none valign_top\" style=\"--vwrapper-gap:0.5rem\"><div class=\"w-post-elm post_content usg_post_content_1\"><p>Ribot, L., Rodr\u00edguez, R., Juza, M., Ortiz, V., &amp; G\u00f3mez, A.G. (2024).<\/p>\n<\/div><h4 class=\"w-post-elm post_title usg_post_title_1 has_text_color entry-title color_link_inherit\"><a href=\"https:\/\/www.youtube.com\/watch?v=tvDG1vp1voo\">Videotutorial de las herramientas del Observatorio TIAMAT [Video]<\/a><\/h4><div class=\"w-post-elm post_content usg_post_content_2\"><p>TIAMAT.<\/p>\n<\/div><div class=\"w-post-elm post_custom_field usg_post_custom_field_2 wordwrap has_text_color type_text url color_link_inherit\"><a href=\"https:\/\/www.youtube.com\/watch?v=tvDG1vp1voo\"><span class=\"w-post-elm-value\">https:\/\/www.youtube.com\/watch?v=tvDG1vp1voo<\/span><\/a><\/div><\/div>\t\t<\/div>\r\n\t\t\t<\/article>\r\n\t<article class=\"w-grid-item size_1x1 post-6052 us_portfolio type-us_portfolio status-publish hentry us_portfolio_category-recursos-divulgativos-2\" data-id=\"6052\">\r\n\t\t<div class=\"w-grid-item-h\">\r\n\t\t\t\t\t\t<div class=\"w-vwrapper usg_vwrapper_1 align_none valign_top\" style=\"--vwrapper-gap:0.5rem\"><div class=\"w-post-elm post_content usg_post_content_1\"><p>Ribot, L., Rodr\u00edguez, R., Juza, M., Ortiz, V., &amp; G\u00f3mez, A.G. (2024).<\/p>\n<\/div><h4 class=\"w-post-elm post_title usg_post_title_1 has_text_color entry-title color_link_inherit\"><a href=\"https:\/\/create.kahoot.it\/share\/el-observatorio-tiamat-y-los-parques-nacionales-ante-el-cambio-global-ii-ecosistemas\/2d141662-66e4-429a-97aa-82e78e6e67cc\">El Observatorio TIAMAT y los Parques Nacionales ante el cambio global II. Ecosistemas [Game]<\/a><\/h4><div class=\"w-post-elm post_content usg_post_content_2\"><p>TIAMAT.<\/p>\n<\/div><div class=\"w-post-elm post_custom_field usg_post_custom_field_2 wordwrap has_text_color type_text url color_link_inherit\"><a href=\"https:\/\/create.kahoot.it\/share\/el-observatorio-tiamat-y-los-parques-nacionales-ante-el-cambio-global-ii-ecosistemas\/2d141662-66e4-429a-97aa-82e78e6e67cc\"><span class=\"w-post-elm-value\">https:\/\/create.kahoot.it\/share\/el-observatorio-tiamat-y-los-parques-nacionales-ante-el-cambio-global-ii-ecosistemas\/2d141662-66e4-429a-97aa-82e78e6e67cc<\/span><\/a><\/div><\/div>\t\t<\/div>\r\n\t\t\t<\/article>\r\n<\/div>\t<div class=\"w-grid-preloader\">\r\n\t\t<div class=\"g-preloader type_1\">\r\n\t\t\t<div><\/div>\r\n\t\t<\/div>\r\n\t<\/div>\r\n\t\t\t\t<div class=\"g-loadmore \">\r\n\t\t\t\t<div class=\"g-preloader type_1\">\r\n\t\t\t\t\t<div><\/div>\r\n\t\t\t\t<\/div>\r\n\t\t\t\t<button class=\"w-btn us-btn-style_1\">\r\n\t\t\t\t\t<span class=\"w-btn-label\">Load More<\/span>\r\n\t\t\t\t<\/button>\r\n\t\t\t<\/div>\r\n\t\t\t\t<div class=\"w-grid-json hidden\" onclick='return {&quot;action&quot;:&quot;us_ajax_grid&quot;,&quot;infinite_scroll&quot;:0,&quot;max_num_pages&quot;:3,&quot;pagination&quot;:&quot;ajax&quot;,&quot;template_vars&quot;:{&quot;columns&quot;:&quot;1&quot;,&quot;exclude_items&quot;:&quot;none&quot;,&quot;img_size&quot;:&quot;default&quot;,&quot;ignore_items_size&quot;:0,&quot;items_layout&quot;:&quot;4571&quot;,&quot;items_offset&quot;:&quot;1&quot;,&quot;load_animation&quot;:&quot;none&quot;,&quot;overriding_link&quot;:&quot;%7B%22url%22%3A%22%22%7D&quot;,&quot;post_id&quot;:0,&quot;query_args&quot;:{&quot;post_type&quot;:[&quot;us_portfolio&quot;],&quot;tax_query&quot;:[{&quot;taxonomy&quot;:&quot;us_portfolio_category&quot;,&quot;field&quot;:&quot;slug&quot;,&quot;terms&quot;:[&quot;recursos-divulgativos-2&quot;]}],&quot;post_status&quot;:[&quot;publish&quot;,&quot;acf-disabled&quot;],&quot;posts_per_page&quot;:&quot;3&quot;},&quot;orderby_query_args&quot;:{&quot;orderby&quot;:{&quot;date&quot;:&quot;DESC&quot;}},&quot;type&quot;:&quot;masonry&quot;,&quot;us_grid_post_type&quot;:&quot;us_portfolio&quot;,&quot;us_grid_ajax_index&quot;:2,&quot;us_grid_filter_query_string&quot;:null,&quot;us_grid_index&quot;:2,&quot;page_args&quot;:[],&quot;lang&quot;:&quot;gl&quot;}}'><\/div>\r\n\t<\/div><div class=\"w-separator size_large\"><\/div><\/div><\/div><\/div><\/div><\/div><\/section>\n","protected":false},"excerpt":{"rendered":"Ribot, L., Rodr\u00edguez, R., Juza, M., Ortiz, V., &amp; G\u00f3mez, A.G. (2024).","protected":false},"author":1,"featured_media":0,"parent":0,"menu_order":0,"comment_status":"closed","ping_status":"closed","template":"","meta":{"_acf_changed":false,"footnotes":""},"class_list":["post-5447","page","type-page","status-publish","hentry"],"acf":[],"_links":{"self":[{"href":"https:\/\/www.observatoriotiamat.es\/gl\/wp-json\/wp\/v2\/pages\/5447","targetHints":{"allow":["GET"]}}],"collection":[{"href":"https:\/\/www.observatoriotiamat.es\/gl\/wp-json\/wp\/v2\/pages"}],"about":[{"href":"https:\/\/www.observatoriotiamat.es\/gl\/wp-json\/wp\/v2\/types\/page"}],"author":[{"embeddable":true,"href":"https:\/\/www.observatoriotiamat.es\/gl\/wp-json\/wp\/v2\/users\/1"}],"replies":[{"embeddable":true,"href":"https:\/\/www.observatoriotiamat.es\/gl\/wp-json\/wp\/v2\/comments?post=5447"}],"version-history":[{"count":7,"href":"https:\/\/www.observatoriotiamat.es\/gl\/wp-json\/wp\/v2\/pages\/5447\/revisions"}],"predecessor-version":[{"id":6019,"href":"https:\/\/www.observatoriotiamat.es\/gl\/wp-json\/wp\/v2\/pages\/5447\/revisions\/6019"}],"wp:attachment":[{"href":"https:\/\/www.observatoriotiamat.es\/gl\/wp-json\/wp\/v2\/media?parent=5447"}],"curies":[{"name":"wp","href":"https:\/\/api.w.org\/{rel}","templated":true}]}}