{"id":5469,"date":"2022-11-09T12:38:36","date_gmt":"2022-11-09T12:38:36","guid":{"rendered":"https:\/\/www.observatoriotiamat.es\/contacto\/"},"modified":"2023-04-17T15:17:41","modified_gmt":"2023-04-17T15:17:41","slug":"contacto","status":"publish","type":"page","link":"https:\/\/www.observatoriotiamat.es\/gl\/contacto\/","title":{"rendered":"Contacto"},"content":{"rendered":"<section class=\"l-section wpb_row height_medium\"><div class=\"l-section-h i-cf\"><div class=\"g-cols vc_row via_flex valign_top type_default stacking_default\"><div class=\"vc_col-sm-12 wpb_column vc_column_container\"><div class=\"vc_column-inner\"><div class=\"wpb_wrapper\"><div class=\"wpb_text_column\"><div class=\"wpb_wrapper\"><h5>Contacto<\/h5>\n<\/div><\/div><div class=\"w-separator us_custom_8a8897b1 us_animate_this size_small\"><\/div><div class=\"w-separator size_medium\"><\/div><div class=\"g-cols wpb_row via_flex valign_top type_default stacking_default\"><div class=\"vc_col-sm-4 wpb_column vc_column_container\"><div class=\"vc_column-inner\"><div class=\"wpb_wrapper\"><div class=\"wpb_text_column\"><div class=\"wpb_wrapper\"><h4><b>Informaci\u00f3n xeral<\/b><\/h4>\n<p><span style=\"font-weight: 300;\">Para calquera d\u00fabida xeral sobre o proxecto, p\u00f3\u00f1ase en contacto con: <\/span><br \/>\n<a href=\"mailto:tiamat@socib.es\">tiamat@socib.es<\/a><\/p>\n<\/div><\/div><\/div><\/div><\/div><div class=\"vc_col-sm-4 wpb_column vc_column_container\"><div class=\"vc_column-inner\"><div class=\"wpb_wrapper\"><div class=\"wpb_text_column\"><div class=\"wpb_wrapper\"><h4>Prensa<\/h4>\n<p><span style=\"font-weight: 300;\">Para consultas relacionadas con periodistas o medios de comunicaci\u00f3n, contactar con:\u00a0<\/span><br \/>\n<span style=\"font-weight: 300;\">Servicio de Estrategia Corporativa, Comunicaci\u00f3n y Transferencia de Conocimiento de la ICTS SOCIB\u00a0<\/span><br \/>\n<a href=\"mailto:comunicacion@socib.es\">comunicacion@socib.es<\/a><\/p>\n<\/div><\/div><\/div><\/div><\/div><div class=\"vc_col-sm-4 wpb_column vc_column_container\"><div class=\"vc_column-inner\"><div class=\"wpb_wrapper\"><div class=\"wpb_text_column\"><div class=\"wpb_wrapper\"><h4><em><b>S\u00edguenos nas redes sociais co <\/b>hashtag<\/em><\/h4>\n<p>#TIAMAT #ParquesNacionales<\/p>\n<\/div><\/div><\/div><\/div><\/div><\/div><\/div><\/div><\/div><\/div><\/div><\/section><section class=\"l-section wpb_row height_medium\"><div class=\"l-section-h i-cf\"><div class=\"g-cols vc_row via_flex valign_top type_default stacking_default\"><div class=\"vc_col-sm-12 wpb_column vc_column_container\"><div class=\"vc_column-inner\"><div class=\"wpb_wrapper\"><div class=\"w-separator size_large\"><\/div><\/div><\/div><\/div><\/div><\/div><\/section>\n","protected":false},"excerpt":{"rendered":"Contacto Informaci\u00f3n xeral Para calquera d\u00fabida xeral sobre o proxecto, p\u00f3\u00f1ase en contacto con: tiamat@socib.es Prensa Para consultas relacionadas con periodistas o medios de comunicaci\u00f3n, contactar con:\u00a0 Servicio de Estrategia Corporativa, Comunicaci\u00f3n y Transferencia de Conocimiento de la ICTS SOCIB\u00a0 comunicacion@socib.es S\u00edguenos nas redes sociais co hashtag #TIAMAT #ParquesNacionales","protected":false},"author":1,"featured_media":0,"parent":0,"menu_order":0,"comment_status":"closed","ping_status":"closed","template":"","meta":{"_acf_changed":false,"footnotes":""},"class_list":["post-5469","page","type-page","status-publish","hentry"],"acf":[],"_links":{"self":[{"href":"https:\/\/www.observatoriotiamat.es\/gl\/wp-json\/wp\/v2\/pages\/5469","targetHints":{"allow":["GET"]}}],"collection":[{"href":"https:\/\/www.observatoriotiamat.es\/gl\/wp-json\/wp\/v2\/pages"}],"about":[{"href":"https:\/\/www.observatoriotiamat.es\/gl\/wp-json\/wp\/v2\/types\/page"}],"author":[{"embeddable":true,"href":"https:\/\/www.observatoriotiamat.es\/gl\/wp-json\/wp\/v2\/users\/1"}],"replies":[{"embeddable":true,"href":"https:\/\/www.observatoriotiamat.es\/gl\/wp-json\/wp\/v2\/comments?post=5469"}],"version-history":[{"count":2,"href":"https:\/\/www.observatoriotiamat.es\/gl\/wp-json\/wp\/v2\/pages\/5469\/revisions"}],"predecessor-version":[{"id":5692,"href":"https:\/\/www.observatoriotiamat.es\/gl\/wp-json\/wp\/v2\/pages\/5469\/revisions\/5692"}],"wp:attachment":[{"href":"https:\/\/www.observatoriotiamat.es\/gl\/wp-json\/wp\/v2\/media?parent=5469"}],"curies":[{"name":"wp","href":"https:\/\/api.w.org\/{rel}","templated":true}]}}