{"id":5538,"date":"2022-11-30T08:21:30","date_gmt":"2022-11-30T06:21:30","guid":{"rendered":"https:\/\/www.observatoriotiamat.es\/parques-nacionales\/"},"modified":"2024-05-09T08:39:51","modified_gmt":"2024-05-09T08:39:51","slug":"parques-nacionais","status":"publish","type":"page","link":"https:\/\/www.observatoriotiamat.es\/gl\/parques-nacionais\/","title":{"rendered":"Parques nacionais"},"content":{"rendered":"<section class=\"l-section wpb_row height_medium\"><div class=\"l-section-h i-cf\"><div class=\"g-cols vc_row via_flex valign_top type_default stacking_default\"><div class=\"vc_col-sm-12 wpb_column vc_column_container\"><div class=\"vc_column-inner\"><div class=\"wpb_wrapper\"><div class=\"wpb_text_column us_custom_7e20fa79 us_animate_this\"><div class=\"wpb_wrapper\"><h5>Parques nacionais<\/h5>\n<\/div><\/div><div class=\"w-separator us_custom_8a8897b1 us_animate_this size_small\"><\/div><div class=\"w-separator size_medium\"><\/div><div class=\"wpb_text_column\"><div class=\"wpb_wrapper\"><h4><strong>A Rede de Parques Nacionais \u00e9 un sistema integrado de protecci\u00f3n e xesti\u00f3n dunha selecci\u00f3n dos mellores exemplos do Patrimonio Natural espa\u00f1ol. Est\u00e1 formado polos Parques Nacionais que o integran, o marco normativo, os medios materiais e humanos, as instituci\u00f3ns e o sistema de relaci\u00f3ns necesarios para o seu funcionamento.<\/strong><\/h4>\n<\/div><\/div><div class=\"w-separator size_small\"><\/div><div class=\"w-separator size_small\"><\/div><div class=\"w-btn-wrapper align_left\"><a class=\"w-btn us-btn-style_1 us_custom_12829b65 us_animate_this icon_atleft\" href=\"https:\/\/www.miteco.gob.es\/es\/red-parques-nacionales\/la-red\/\"><i class=\"fas fa-long-arrow-right\"><\/i><span class=\"w-btn-label\">M\u00c1IS INFORMACI\u00d3N<\/span><\/a><\/div><div class=\"w-separator size_medium\"><\/div><\/div><\/div><\/div><\/div><\/div><\/section><section class=\"l-section wpb_row us_custom_6d13e4d2 height_medium\"><div class=\"l-section-h i-cf\"><div class=\"g-cols vc_row via_flex valign_top type_default stacking_default\"><div class=\"vc_col-sm-12 wpb_column vc_column_container\"><div class=\"vc_column-inner\"><div class=\"wpb_wrapper\"><div class=\"wpb_text_column us_custom_6df4bc3a has_text_color\"><div class=\"wpb_wrapper\"><h2>Mapa dos Parques Nacionais do Observatorio TIAMAT<\/h2>\n<\/div><\/div><div class=\"w-separator size_medium\"><\/div><div class=\"w-image align_center\"><div class=\"w-image-h\"><img decoding=\"async\" width=\"1024\" height=\"517\" src=\"https:\/\/www.observatoriotiamat.es\/wp-content\/uploads\/2023\/04\/mapa-ga-1024x517.png\" class=\"attachment-large size-large\" alt=\"\" loading=\"lazy\" srcset=\"https:\/\/www.observatoriotiamat.es\/wp-content\/uploads\/2023\/04\/mapa-ga-1024x517.png 1024w, https:\/\/www.observatoriotiamat.es\/wp-content\/uploads\/2023\/04\/mapa-ga-300x151.png 300w, https:\/\/www.observatoriotiamat.es\/wp-content\/uploads\/2023\/04\/mapa-ga.png 1625w\" sizes=\"auto, (max-width: 1024px) 100vw, 1024px\" \/><\/div><\/div><div class=\"w-separator size_small\"><\/div><\/div><\/div><\/div><\/div><\/div><\/section><section class=\"l-section wpb_row us_custom_a81c1471 height_auto\"><div class=\"l-section-h i-cf\"><div class=\"g-cols vc_row via_flex valign_top type_default stacking_default\"><div class=\"vc_col-sm-12 wpb_column vc_column_container\"><div class=\"vc_column-inner\"><div class=\"wpb_wrapper\"><div class=\"g-cols wpb_row via_flex valign_top type_default stacking_default\"><div class=\"vc_col-sm-3 wpb_column vc_column_container\"><div class=\"vc_column-inner\"><div class=\"wpb_wrapper\"><div class=\"w-image has_ratio align_none\"><div class=\"w-image-h\"><div style=\"padding-bottom:100%\"><\/div><img decoding=\"async\" width=\"1024\" height=\"674\" src=\"https:\/\/www.observatoriotiamat.es\/wp-content\/uploads\/2022\/11\/AdobeStock_189229767-1024x674.jpeg\" class=\"attachment-large size-large\" alt=\"\" loading=\"lazy\" \/><\/div><\/div><\/div><\/div><\/div><div class=\"vc_col-sm-9 wpb_column vc_column_container\"><div class=\"vc_column-inner\"><div class=\"wpb_wrapper\"><div class=\"wpb_text_column\"><div class=\"wpb_wrapper\"><h3>Parque Nacional Mar\u00edtimo-Terrestre del Archipi\u00e9lago de Cabrera<\/h3>\n<p><span style=\"font-weight: 300;\">A pouco m\u00e1is dunha hora en barco desde Mallorca, o arquip\u00e9lago de Cabrera \u00e9 o mellor exemplo de ecosistemas insulares non alterados do Mediterr\u00e1neo Espa\u00f1ol. Desde 1991, o Parque Nacional Mar\u00edtimo Terrestre acubilla toda a riqueza natural deste conxunto de illas e illotes calc\u00e1reos: importantes colonias de aves mari\u00f1as, especies end\u00e9micas e un dos fondos mari\u00f1os mellor conservados da nosa costa. Os fondos mari\u00f1os tam\u00e9n representan unha parte moi importante do Parque, con m\u00e1is de 200 especies de peixes e numerosos invertebrados end\u00e9micos.<\/span><\/p>\n<\/div><\/div><div class=\"w-separator size_small\"><\/div><div class=\"w-btn-wrapper align_left\"><a class=\"w-btn us-btn-style_1 us_custom_12829b65 us_animate_this icon_atleft\" href=\"https:\/\/www.miteco.gob.es\/es\/red-parques-nacionales\/nuestros-parques\/cabrera\/\"><i class=\"fas fa-long-arrow-right\"><\/i><span class=\"w-btn-label\">M\u00c1IS INFORMACI\u00d3N<\/span><\/a><\/div><\/div><\/div><\/div><\/div><\/div><\/div><\/div><\/div><\/div><\/section><section class=\"l-section wpb_row height_auto\"><div class=\"l-section-h i-cf\"><div class=\"g-cols vc_row via_flex valign_top type_default stacking_default\"><div class=\"vc_col-sm-12 wpb_column vc_column_container\"><div class=\"vc_column-inner\"><div class=\"wpb_wrapper\"><div class=\"w-separator size_medium\"><\/div><div class=\"w-separator us_custom_b537f837 us_animate_this size_small\"><\/div><div class=\"w-separator size_medium\"><\/div><div class=\"g-cols wpb_row via_flex valign_top type_default stacking_default\"><div class=\"vc_col-sm-3 wpb_column vc_column_container\"><div class=\"vc_column-inner\"><div class=\"wpb_wrapper\"><div class=\"w-image has_ratio align_none\"><div class=\"w-image-h\"><div style=\"padding-bottom:100%\"><\/div><img decoding=\"async\" width=\"1024\" height=\"683\" src=\"https:\/\/www.observatoriotiamat.es\/wp-content\/uploads\/2022\/11\/islas-atlanticas-1024x683.jpg\" class=\"attachment-large size-large\" alt=\"\" loading=\"lazy\" \/><\/div><\/div><\/div><\/div><\/div><div class=\"vc_col-sm-9 wpb_column vc_column_container\"><div class=\"vc_column-inner\"><div class=\"wpb_wrapper\"><div class=\"wpb_text_column\"><div class=\"wpb_wrapper\"><h3>Parque Nacional Mar\u00edtimo-Terrestre das Illas Atl\u00e1nticas de Galicia<\/h3>\n<p><span style=\"font-weight: 300;\">Estas illas encad\u00e9anse desde a R\u00eda de Arousa \u00e1 de Vigo, emerxendo do oc\u00e9ano e embelecendo a paisaxe mari\u00f1a coa maxia dos seus cant\u00eds. Nas s\u00faas entra\u00f1as, no fondo do mar, g\u00e1rdanse as m\u00e1is prezadas riquezas ecol\u00f3xicas deste Parque Nacional, custodiadas polos ca\u00f1\u00f3ns dos antigos barcos aqu\u00ed afundidos. Representa sistemas naturais vinculados a zonas costeiras e plataforma continental da Rexi\u00f3n Eurosiberiana. Os cant\u00eds, a matogueira, as dunas e as praias, as\u00ed como os distintos fondos mari\u00f1os (rocha, area, cuncha&#8230;) crean un gran mosaico de ecosistemas nestas illas e as augas que as rodean. Esta diversidade de escenarios d\u00e1 cabida a un gran n\u00famero de especies: m\u00e1is de 200 tipos de algas entre as que se refuxian e cr\u00edan un gran n\u00famero de peixes e moluscos, aves mari\u00f1as que ani\u00f1an nas cornisas dos cant\u00eds e pescan en augas pouco profundas, plantas sorprendentemente adaptadas a vivir entre as areas das dunas ou nas estreitas fendas dos cant\u00eds.<\/span><\/p>\n<\/div><\/div><div class=\"w-separator size_small\"><\/div><div class=\"w-btn-wrapper align_left\"><a class=\"w-btn us-btn-style_1 us_custom_12829b65 us_animate_this icon_atleft\" href=\"https:\/\/www.miteco.gob.es\/es\/red-parques-nacionales\/nuestros-parques\/islas-atlanticas\/\"><i class=\"fas fa-long-arrow-right\"><\/i><span class=\"w-btn-label\">M\u00c1IS INFORMACI\u00d3N<\/span><\/a><\/div><\/div><\/div><\/div><\/div><\/div><\/div><\/div><\/div><\/div><\/section><section class=\"l-section wpb_row height_auto\"><div class=\"l-section-h i-cf\"><div class=\"g-cols vc_row via_flex valign_top type_default stacking_default\"><div class=\"vc_col-sm-12 wpb_column vc_column_container\"><div class=\"vc_column-inner\"><div class=\"wpb_wrapper\"><div class=\"w-separator size_medium\"><\/div><div class=\"w-separator us_custom_b537f837 us_animate_this size_small\"><\/div><div class=\"w-separator size_medium\"><\/div><div class=\"g-cols wpb_row via_flex valign_top type_default stacking_default\"><div class=\"vc_col-sm-3 wpb_column vc_column_container\"><div class=\"vc_column-inner\"><div class=\"wpb_wrapper\"><div class=\"w-image has_ratio align_none\"><div class=\"w-image-h\"><div style=\"padding-bottom:100%\"><\/div><img decoding=\"async\" width=\"1024\" height=\"421\" src=\"https:\/\/www.observatoriotiamat.es\/wp-content\/uploads\/2022\/11\/AdobeStock_176746073-1024x421.jpeg\" class=\"attachment-large size-large\" alt=\"\" loading=\"lazy\" \/><\/div><\/div><\/div><\/div><\/div><div class=\"vc_col-sm-9 wpb_column vc_column_container\"><div class=\"vc_column-inner\"><div class=\"wpb_wrapper\"><div class=\"wpb_text_column\"><div class=\"wpb_wrapper\"><h3>Parque Nacional de Do\u00f1ana<\/h3>\n<p><span style=\"font-weight: 300;\">O Parque Nacional de Do\u00f1ana \u00e9 un mosaico de ecosistemas que albergan unha biodiversidade \u00fanica en Europa. Destacan sobre todo as marismas, de extraordinaria importancia como lugar de paso, cr\u00eda e invernada de miles de aves europeas e africanas. No Parque habitan especies singulares, e en grave perigo de extinci\u00f3n, como a aguia imperial ib\u00e9rica e o lince ib\u00e9rico. Do\u00f1ana \u00e9 a confluencia dun conxunto de ecosistemas (praia, dunas, cotos, marismas,&#8230;) que dan a este Parque unha personalidade \u00fanica.<\/span><\/p>\n<\/div><\/div><div class=\"w-separator size_small\"><\/div><div class=\"w-btn-wrapper align_left\"><a class=\"w-btn us-btn-style_1 us_custom_12829b65 us_animate_this icon_atleft\" href=\"https:\/\/www.miteco.gob.es\/es\/red-parques-nacionales\/nuestros-parques\/donana\/\"><i class=\"fas fa-long-arrow-right\"><\/i><span class=\"w-btn-label\">M\u00c1IS INFORMACI\u00d3N<\/span><\/a><\/div><\/div><\/div><\/div><\/div><\/div><\/div><\/div><\/div><\/div><\/section><section class=\"l-section wpb_row height_medium\"><div class=\"l-section-h i-cf\"><div class=\"g-cols vc_row via_flex valign_top type_default stacking_default\"><div class=\"vc_col-sm-12 wpb_column vc_column_container\"><div class=\"vc_column-inner\"><div class=\"wpb_wrapper\"><div class=\"w-separator size_large\"><\/div><\/div><\/div><\/div><\/div><\/div><\/section>\n","protected":false},"excerpt":{"rendered":"Parques nacionais A Rede de Parques Nacionais \u00e9 un sistema integrado de protecci\u00f3n e xesti\u00f3n dunha selecci\u00f3n dos mellores exemplos do Patrimonio Natural espa\u00f1ol. Est\u00e1 formado polos Parques Nacionais que o integran, o marco normativo, os medios materiais e humanos, as instituci\u00f3ns e o sistema de relaci\u00f3ns necesarios para o seu funcionamento. M\u00c1IS INFORMACI\u00d3NMapa dos...","protected":false},"author":1,"featured_media":0,"parent":0,"menu_order":0,"comment_status":"closed","ping_status":"closed","template":"","meta":{"_acf_changed":false,"footnotes":""},"class_list":["post-5538","page","type-page","status-publish","hentry"],"acf":[],"_links":{"self":[{"href":"https:\/\/www.observatoriotiamat.es\/gl\/wp-json\/wp\/v2\/pages\/5538","targetHints":{"allow":["GET"]}}],"collection":[{"href":"https:\/\/www.observatoriotiamat.es\/gl\/wp-json\/wp\/v2\/pages"}],"about":[{"href":"https:\/\/www.observatoriotiamat.es\/gl\/wp-json\/wp\/v2\/types\/page"}],"author":[{"embeddable":true,"href":"https:\/\/www.observatoriotiamat.es\/gl\/wp-json\/wp\/v2\/users\/1"}],"replies":[{"embeddable":true,"href":"https:\/\/www.observatoriotiamat.es\/gl\/wp-json\/wp\/v2\/comments?post=5538"}],"version-history":[{"count":8,"href":"https:\/\/www.observatoriotiamat.es\/gl\/wp-json\/wp\/v2\/pages\/5538\/revisions"}],"predecessor-version":[{"id":5827,"href":"https:\/\/www.observatoriotiamat.es\/gl\/wp-json\/wp\/v2\/pages\/5538\/revisions\/5827"}],"wp:attachment":[{"href":"https:\/\/www.observatoriotiamat.es\/gl\/wp-json\/wp\/v2\/media?parent=5538"}],"curies":[{"name":"wp","href":"https:\/\/api.w.org\/{rel}","templated":true}]}}