{"id":5542,"date":"2022-11-30T07:40:24","date_gmt":"2022-11-30T05:40:24","guid":{"rendered":"https:\/\/www.observatoriotiamat.es\/herramientas\/"},"modified":"2024-08-01T12:49:40","modified_gmt":"2024-08-01T10:49:40","slug":"ferramentas","status":"publish","type":"page","link":"https:\/\/www.observatoriotiamat.es\/gl\/ferramentas\/","title":{"rendered":"Ferramentas"},"content":{"rendered":"<section class=\"l-section wpb_row height_medium\"><div class=\"l-section-h i-cf\"><div class=\"g-cols vc_row via_flex valign_top type_default stacking_default\"><div class=\"vc_col-sm-12 wpb_column vc_column_container\"><div class=\"vc_column-inner\"><div class=\"wpb_wrapper\"><div class=\"wpb_text_column us_custom_7e20fa79 us_animate_this\"><div class=\"wpb_wrapper\"><h5><b>Ferramentas<\/b><\/h5>\n<\/div><\/div><div class=\"w-separator us_custom_8a8897b1 us_animate_this size_small\"><\/div><div class=\"w-separator size_medium\"><\/div><div class=\"wpb_text_column\"><div class=\"wpb_wrapper\"><h4><strong>O Observatorio Mari\u00f1o do Cambio Global na Rede de Parques Nacionais (Observatorio TIAMAT) desenvolve ferramentas de vixilancia do medio mari\u00f1o e de alertas contra eventos oce\u00e1nicos extremos utilizando datos de sat\u00e9lite dispo\u00f1ibles desde 1982.<\/strong><\/h4>\n<\/div><\/div><div class=\"w-separator size_small\"><\/div><div class=\"wpb_text_column\"><div class=\"wpb_wrapper\"><p>Aviso importante: as ferramentas dispo\u00f1ibles neste sitio web est\u00e1n actualmente nun proceso continuo de optimizaci\u00f3n e mellora.<\/p>\n<\/div><\/div><\/div><\/div><\/div><\/div><\/div><\/section><section class=\"l-section wpb_row height_auto\"><div class=\"l-section-h i-cf\"><div class=\"g-cols vc_row via_flex valign_top type_default stacking_default\"><div class=\"vc_col-sm-12 wpb_column vc_column_container\"><div class=\"vc_column-inner\"><div class=\"wpb_wrapper\"><div class=\"w-grid us_grid type_grid layout_5299 cols_1 preload_style_spinner\" id=\"us_grid_1\" style=\"--columns:1;--gap:1.5rem;\" data-filterable=\"true\"><style>.layout_5299 .w-grid-item-h{}@media(max-width:479px){.layout_5299 .usg_post_image_1{display:none!important}}.layout_5299 .usg_hwrapper_1{color:var(--color-content-text)!important;margin-left:10%!important;padding-top:6%!important;padding-bottom:6%!important;background:var(--color-content-bg-alt)!important}.layout_5299 .usg_post_image_1{width:50%!important;margin-left:-11%!important;margin-right:0!important}.layout_5299 .usg_vwrapper_1{width:48%!important;margin-left:7%!important}.layout_5299 .usg_post_title_1{line-height:1.2!important;font-weight:700!important}.layout_5299 .usg_post_content_1{font-size:0.9rem!important}.layout_5299 .usg_btn_1{width:min-content!important;margin-top:1rem!important}@media (max-width:600px){.layout_5299 .usg_hwrapper_1{margin-left:0!important;margin-right:0!important;padding-top:0!important;padding-bottom:0!important}.layout_5299 .usg_post_image_1{width:100%!important;margin-left:0!important;margin-right:0!important}.layout_5299 .usg_vwrapper_1{width:86%!important;margin:5% 7% 7% 7%!important}}<\/style><div class=\"w-grid-list\">\t<article class=\"w-grid-item size_1x1 post-5457 us_portfolio type-us_portfolio status-publish has-post-thumbnail hentry us_portfolio_category-herramientas-gl\" data-id=\"5457\">\r\n\t\t<div class=\"w-grid-item-h\">\r\n\t\t\t\t\t\t<div class=\"w-hwrapper usg_hwrapper_1 has_text_color align_none valign_center wrap\"><div class=\"w-post-elm post_image usg_post_image_1 has_width stretched\"><a href=\"https:\/\/apps.socib.es\/observatoriotiamat\/cabrera\/\" aria-label=\"Observatorio TIAMAT a Cabrera\"><img loading=\"lazy\" decoding=\"async\" width=\"1024\" height=\"683\" src=\"https:\/\/www.observatoriotiamat.es\/wp-content\/uploads\/2023\/01\/cabrera-1024x683.jpg\" class=\"attachment-large size-large wp-post-image\" alt=\"\" srcset=\"https:\/\/www.observatoriotiamat.es\/wp-content\/uploads\/2023\/01\/cabrera-1024x683.jpg 1024w, https:\/\/www.observatoriotiamat.es\/wp-content\/uploads\/2023\/01\/cabrera-300x200.jpg 300w, https:\/\/www.observatoriotiamat.es\/wp-content\/uploads\/2023\/01\/cabrera.jpg 1452w\" sizes=\"auto, (max-width: 1024px) 100vw, 1024px\" \/><\/a><\/div><div class=\"w-vwrapper usg_vwrapper_1 align_none valign_top\"><h2 class=\"w-post-elm post_title usg_post_title_1 entry-title\"><a href=\"https:\/\/apps.socib.es\/observatoriotiamat\/cabrera\/\">Observatorio TIAMAT a Cabrera<\/a><\/h2><div class=\"w-post-elm post_content usg_post_content_1\">Informaci\u00f3n continua e actualizada sobre o estado do mar e a s\u00faa variabilidade no Parque Nacional Mar\u00edtimo-Terrestre do Archipi\u00e9lago de Cabrera<\/div><a class=\"w-btn us-btn-style_1 usg_btn_1\" target=\"_blank\" rel=\"nofollow\" href=\"https:\/\/apps.socib.es\/observatoriotiamat\/cabrera\/\"><span class=\"w-btn-label\">Acceso<\/span><\/a><\/div><\/div>\t\t<\/div>\r\n\t\t\t<\/article>\r\n\t<article class=\"w-grid-item size_1x1 post-5851 us_portfolio type-us_portfolio status-publish has-post-thumbnail hentry us_portfolio_category-herramientas-gl\" data-id=\"5851\">\r\n\t\t<div class=\"w-grid-item-h\">\r\n\t\t\t\t\t\t<div class=\"w-hwrapper usg_hwrapper_1 has_text_color align_none valign_center wrap\"><div class=\"w-post-elm post_image usg_post_image_1 has_width stretched\"><a href=\"https:\/\/apps.socib.es\/observatoriotiamat\/islas-atlanticas\/\" aria-label=\"Observatorio TIAMAT a Illas Atl\u00e1nticas de Galicia\"><img loading=\"lazy\" decoding=\"async\" width=\"1024\" height=\"683\" src=\"https:\/\/www.observatoriotiamat.es\/wp-content\/uploads\/2022\/11\/islas-atlanticas-1024x683.jpg\" class=\"attachment-large size-large wp-post-image\" alt=\"\" srcset=\"https:\/\/www.observatoriotiamat.es\/wp-content\/uploads\/2022\/11\/islas-atlanticas-1024x683.jpg 1024w, https:\/\/www.observatoriotiamat.es\/wp-content\/uploads\/2022\/11\/islas-atlanticas-300x200.jpg 300w, https:\/\/www.observatoriotiamat.es\/wp-content\/uploads\/2022\/11\/islas-atlanticas.jpg 1920w\" sizes=\"auto, (max-width: 1024px) 100vw, 1024px\" \/><\/a><\/div><div class=\"w-vwrapper usg_vwrapper_1 align_none valign_top\"><h2 class=\"w-post-elm post_title usg_post_title_1 entry-title\"><a href=\"https:\/\/apps.socib.es\/observatoriotiamat\/islas-atlanticas\/\">Observatorio TIAMAT a Illas Atl\u00e1nticas de Galicia<\/a><\/h2><div class=\"w-post-elm post_content usg_post_content_1\">Informaci\u00f3n continua e actualizada sobre o estado do mar e a s\u00faa variabilidade no Parque Nacional Mar\u00edtimo-Terrestre das Illas Atl\u00e1nticas de Galicia<\/div><a class=\"w-btn us-btn-style_1 usg_btn_1\" target=\"_blank\" rel=\"nofollow\" href=\"https:\/\/apps.socib.es\/observatoriotiamat\/islas-atlanticas\/\"><span class=\"w-btn-label\">Acceso<\/span><\/a><\/div><\/div>\t\t<\/div>\r\n\t\t\t<\/article>\r\n\t<article class=\"w-grid-item size_1x1 post-5860 us_portfolio type-us_portfolio status-publish has-post-thumbnail hentry us_portfolio_category-herramientas-gl\" data-id=\"5860\">\r\n\t\t<div class=\"w-grid-item-h\">\r\n\t\t\t\t\t\t<div class=\"w-hwrapper usg_hwrapper_1 has_text_color align_none valign_center wrap\"><div class=\"w-post-elm post_image usg_post_image_1 has_width stretched\"><a href=\"https:\/\/apps.socib.es\/observatoriotiamat\/donana\/\" aria-label=\"Observatorio TIAMAT a Do\u00f1ana\"><img loading=\"lazy\" decoding=\"async\" width=\"1024\" height=\"683\" src=\"https:\/\/www.observatoriotiamat.es\/wp-content\/uploads\/2024\/05\/Donana-1024x683.jpg\" class=\"attachment-large size-large wp-post-image\" alt=\"\" srcset=\"https:\/\/www.observatoriotiamat.es\/wp-content\/uploads\/2024\/05\/Donana-1024x683.jpg 1024w, https:\/\/www.observatoriotiamat.es\/wp-content\/uploads\/2024\/05\/Donana-300x200.jpg 300w\" sizes=\"auto, (max-width: 1024px) 100vw, 1024px\" \/><\/a><\/div><div class=\"w-vwrapper usg_vwrapper_1 align_none valign_top\"><h2 class=\"w-post-elm post_title usg_post_title_1 entry-title\"><a href=\"https:\/\/apps.socib.es\/observatoriotiamat\/donana\/\">Observatorio TIAMAT a Do\u00f1ana<\/a><\/h2><div class=\"w-post-elm post_content usg_post_content_1\">Informaci\u00f3n continua e actualizada sobre o estado do mar e a s\u00faa variabilidade a zona da fronte mar\u00edtima do Parque Nacional de Do\u00f1ana<\/div><a class=\"w-btn us-btn-style_1 usg_btn_1\" target=\"_blank\" rel=\"nofollow\" href=\"https:\/\/apps.socib.es\/observatoriotiamat\/donana\/\"><span class=\"w-btn-label\">Acceso<\/span><\/a><\/div><\/div>\t\t<\/div>\r\n\t\t\t<\/article>\r\n<\/div>\t<div class=\"w-grid-preloader\">\r\n\t\t<div class=\"g-preloader type_1\">\r\n\t\t\t<div><\/div>\r\n\t\t<\/div>\r\n\t<\/div>\r\n\t\t<div class=\"w-grid-json hidden\" onclick='return {&quot;action&quot;:&quot;us_ajax_grid&quot;,&quot;infinite_scroll&quot;:0,&quot;max_num_pages&quot;:1,&quot;pagination&quot;:&quot;none&quot;,&quot;template_vars&quot;:{&quot;columns&quot;:&quot;1&quot;,&quot;exclude_items&quot;:&quot;none&quot;,&quot;img_size&quot;:&quot;default&quot;,&quot;ignore_items_size&quot;:0,&quot;items_layout&quot;:&quot;5299&quot;,&quot;items_offset&quot;:&quot;1&quot;,&quot;load_animation&quot;:&quot;none&quot;,&quot;overriding_link&quot;:&quot;%7B%22url%22%3A%22%22%7D&quot;,&quot;post_id&quot;:0,&quot;query_args&quot;:{&quot;post_type&quot;:[&quot;us_portfolio&quot;],&quot;tax_query&quot;:[{&quot;taxonomy&quot;:&quot;us_portfolio_category&quot;,&quot;field&quot;:&quot;slug&quot;,&quot;terms&quot;:[&quot;herramientas&quot;]}],&quot;post_status&quot;:[&quot;publish&quot;,&quot;acf-disabled&quot;],&quot;posts_per_page&quot;:&quot;20&quot;},&quot;orderby_query_args&quot;:{&quot;orderby&quot;:{&quot;menu_order&quot;:&quot;ASC&quot;},&quot;order&quot;:&quot;ASC&quot;},&quot;type&quot;:&quot;grid&quot;,&quot;us_grid_post_type&quot;:&quot;us_portfolio&quot;,&quot;us_grid_ajax_index&quot;:1,&quot;us_grid_filter_query_string&quot;:null,&quot;us_grid_index&quot;:1,&quot;page_args&quot;:[],&quot;lang&quot;:&quot;gl&quot;}}'><\/div>\r\n\t<\/div><div class=\"w-separator size_small\"><\/div><div class=\"w-btn-wrapper align_center\"><a class=\"w-btn us-btn-style_1\" target=\"_blank\" href=\"https:\/\/apps.socib.es\/observatoriotiamat\/\"><span class=\"w-btn-label\">Accede a todas as ferramentas do Observatorio TIAMAT<\/span><\/a><\/div><\/div><\/div><\/div><\/div><\/div><\/section><section class=\"l-section wpb_row height_medium\"><div class=\"l-section-h i-cf\"><div class=\"g-cols vc_row via_flex valign_top type_default stacking_default\"><div class=\"vc_col-sm-12 wpb_column vc_column_container\"><div class=\"vc_column-inner\"><div class=\"wpb_wrapper\"><div class=\"w-separator size_large\"><\/div><\/div><\/div><\/div><\/div><\/div><\/section>\n","protected":false},"excerpt":{"rendered":"Informaci\u00f3n continua e actualizada sobre o estado do mar e a s\u00faa variabilidade a zona da fronte mar\u00edtima do Parque Nacional de Do\u00f1ana","protected":false},"author":1,"featured_media":0,"parent":0,"menu_order":0,"comment_status":"closed","ping_status":"closed","template":"","meta":{"_acf_changed":false,"footnotes":""},"class_list":["post-5542","page","type-page","status-publish","hentry"],"acf":[],"_links":{"self":[{"href":"https:\/\/www.observatoriotiamat.es\/gl\/wp-json\/wp\/v2\/pages\/5542","targetHints":{"allow":["GET"]}}],"collection":[{"href":"https:\/\/www.observatoriotiamat.es\/gl\/wp-json\/wp\/v2\/pages"}],"about":[{"href":"https:\/\/www.observatoriotiamat.es\/gl\/wp-json\/wp\/v2\/types\/page"}],"author":[{"embeddable":true,"href":"https:\/\/www.observatoriotiamat.es\/gl\/wp-json\/wp\/v2\/users\/1"}],"replies":[{"embeddable":true,"href":"https:\/\/www.observatoriotiamat.es\/gl\/wp-json\/wp\/v2\/comments?post=5542"}],"version-history":[{"count":9,"href":"https:\/\/www.observatoriotiamat.es\/gl\/wp-json\/wp\/v2\/pages\/5542\/revisions"}],"predecessor-version":[{"id":6065,"href":"https:\/\/www.observatoriotiamat.es\/gl\/wp-json\/wp\/v2\/pages\/5542\/revisions\/6065"}],"wp:attachment":[{"href":"https:\/\/www.observatoriotiamat.es\/gl\/wp-json\/wp\/v2\/media?parent=5542"}],"curies":[{"name":"wp","href":"https:\/\/api.w.org\/{rel}","templated":true}]}}