{"id":5685,"date":"2023-03-30T17:54:12","date_gmt":"2023-03-30T17:54:12","guid":{"rendered":"https:\/\/www.observatoriotiamat.es\/?page_id=5685"},"modified":"2023-04-17T11:02:14","modified_gmt":"2023-04-17T11:02:14","slug":"aviso-legal","status":"publish","type":"page","link":"https:\/\/www.observatoriotiamat.es\/gl\/aviso-legal\/","title":{"rendered":"Aviso legal"},"content":{"rendered":"<h3><strong>Condici\u00f3ns xerais de uso do portal <a href=\"http:\/\/www.observatoriotiamat.es\">www.observatoriotiamat.es<\/a>\u00a0<\/strong><\/h3>\n<p><span style=\"font-weight: 400;\">O Observatorio Mari\u00f1o do Cambio Global na Rede de Parques Nacionais (en diante, Observatorio TIAMAT) inf\u00f3rmalle de que o acceso e uso do sitio web www.observatoriotiamat.es e de todos os subdominios e directorios inclu\u00eddos nela (en diante, denominado conxuntamente como Portal). ) est\u00e1n suxeitos aos termos detallados neste Aviso Legal, en consonancia co aplicable na p\u00e1xina web www.csic.es do Consello Superior de Investigaci\u00f3ns Cient\u00edficas (CSIC). Sen prexu\u00edzo de que o acceso a calquera destes servizos ou contidos poida requirir a aceptaci\u00f3n de Condici\u00f3ns Xerais adicionais.\u00a0<\/span><\/p>\n<p><span style=\"font-weight: 400;\">O Observatorio TIAMAT res\u00e9rvase o dereito de realizar cambios no Portal sen previo aviso, co fin de actualizar, corrixir, modificar, engadir ou eliminar os contidos ou dese\u00f1o. Dado que a actualizaci\u00f3n da informaci\u00f3n non \u00e9 inmediata, suxer\u00edmoslle que comprobe sempre a validez e exactitude da informaci\u00f3n, servizos e contidos presentados. As\u00ed mesmo, as condici\u00f3ns e termos que se incl\u00faen neste Aviso poden variar, polo que invit\u00e1mosche a revisar estes termos cando volvas visitar o Portal.\u00a0<\/span><\/p>\n<h3><b>Dereitos de propiedade intelectual e industrial\u00a0<\/b><\/h3>\n<p><span style=\"font-weight: 400;\">Tanto o dese\u00f1o do Portal como os seus c\u00f3digos fonte, as\u00ed como os logotipos, marcas e demais signos distintivos que nel aparecen, pertencen ao Observatorio TIAMAT ou entidades colaboradoras e est\u00e1n protexidos polos correspondentes dereitos de propiedade intelectual e industrial.\u00a0<\/span><\/p>\n<p><span style=\"font-weight: 400;\">A informaci\u00f3n dispo\u00f1ible no Portal, salvo indicaci\u00f3n expresa en contrario, \u00e9 susceptible de reutilizaci\u00f3n; Autor\u00edzase a s\u00faa reproduci\u00f3n, modificaci\u00f3n, distribuci\u00f3n e comunicaci\u00f3n total ou parcial, para usos comerciais e non comerciais, con suxeici\u00f3n \u00e1s seguintes condici\u00f3ns:\u00a0<\/span><\/p>\n<ul>\n<li><span style=\"font-weight: 400;\"> Queda prohibida en ning\u00fan caso a distorsi\u00f3n do contido da informaci\u00f3n.\u00a0<\/span><\/li>\n<li><span style=\"font-weight: 400;\"> O usuario est\u00e1 obrigado a citar a orixe dos documentos obxecto de reutilizaci\u00f3n.\u00a0<\/span><\/li>\n<li><span style=\"font-weight: 400;\"> O usuario est\u00e1 obrigado a mencionar a data da \u00faltima actualizaci\u00f3n dos documentos obxecto de reutilizaci\u00f3n.\u00a0<\/span><\/li>\n<li><span style=\"font-weight: 400;\"> O Observatorio TIAMAT declara o seu respecto polos dereitos de propiedade intelectual e industrial de terceiros; Polo tanto, se considera que este sitio pode estar vulnerando os seus dereitos, p\u00f3\u00f1ase en contacto co Observatorio TIAMAT a trav\u00e9s do correo electr\u00f3nico <\/span><a href=\"mailto:tiamat@socib.es\"><span style=\"font-weight: 400;\">tiamat@socib.es<\/span><\/a><span style=\"font-weight: 400;\">.\u00a0<\/span><\/li>\n<\/ul>\n<h3><b>Ligaz\u00f3ns ou hiperv\u00ednculos\u00a0<\/b><\/h3>\n<p><span style=\"font-weight: 400;\">Os usuarios que pretendan establecer un hiperv\u00ednculo entre a s\u00faa p\u00e1xina web e a do Observatorio TIAMAT deber\u00e1n ter en conta o seguinte:\u00a0<\/span><\/p>\n<ul>\n<li><span style=\"font-weight: 400;\"> O establecemento do hiperenlace non implica, en ning\u00fan caso, a existencia de relaci\u00f3ns entre o Observatorio TIAMAT e o propietario da p\u00e1xina web, nin a aceptaci\u00f3n e aprobaci\u00f3n por parte do Observatorio TIAMAT dos seus contidos ou servizos. Polo tanto, non se declarar\u00e1 nin dar\u00e1 a entender que o Observatorio TIAMAT autorizou expresamente o hiperenlace, nin que supervisou ou asumiu a responsabilidade dos contidos e servizos ofrecidos ou postos a disposici\u00f3n na dita p\u00e1xina web.\u00a0<\/span><\/li>\n<li><span style=\"font-weight: 400;\"> O Observatorio TIAMAT non se fai responsable, de ning\u00fan xeito, nin garante a calidade, exactitude, fiabilidade, correcci\u00f3n ou moralidade dos contidos ou servizos que o establecemento do hiperenlace poida ofrecer. O usuario asume baixo a s\u00faa exclusiva responsabilidade as consecuencias, danos ou acci\u00f3ns que puidesen derivarse do acceso \u00e1 p\u00e1xina web do hiperenlace.\u00a0<\/span><\/li>\n<li><span style=\"font-weight: 400;\"> A p\u00e1xina web na que se estableza o hiperenlace non poder\u00e1 conter ningunha marca, denominaci\u00f3n, logotipo, slogan ou outros signos distintivos pertencentes ao Observatorio TIAMAT, salvo aqueles que formen parte do propio hiperenlace.\u00a0<\/span><\/li>\n<li><span style=\"font-weight: 400;\"> A p\u00e1xina web na que se estableza o hiperenlace non conter\u00e1 informaci\u00f3n con contidos il\u00edcitos, contrarios \u00e1 moral e aos bos costumes xeralmente aceptados e \u00e1 orde p\u00fablica, nin conter\u00e1 contidos contrarios aos dereitos de terceiros.\u00a0<\/span><\/li>\n<\/ul>\n<h3><b>Frames<\/b><\/h3>\n<p><span style=\"font-weight: 400;\">O Observatorio TIAMAT proh\u00edbe expresamente a realizaci\u00f3n de \u201cframings\u201d ou a utilizaci\u00f3n por terceiros de calquera outro mecanismo que altere o dese\u00f1o, configuraci\u00f3n orixinal ou contido do seu Portal.\u00a0<\/span><\/p>\n<h3><b>Lei vixente e xurisdici\u00f3n\u00a0<\/b><\/h3>\n<p><span style=\"font-weight: 400;\">A lexislaci\u00f3n aplicable en caso de disputa ou conflito de interpretaci\u00f3n dos termos que compo\u00f1en este Aviso Legal, as\u00ed como de calquera cuesti\u00f3n relacionada cos servizos deste Portal, ser\u00e1 a lexislaci\u00f3n espa\u00f1ola.\u00a0<\/span><\/p>\n<p><span style=\"font-weight: 400;\">Para a resoluci\u00f3n de calquera conflito que puidese xurdir na visita ao Portal ou na utilizaci\u00f3n dos servizos que nel se poidan ofrecer, o Observatorio TIAMAT e o Usuario acordan someterse aos Xu\u00edces e Xulgados do domicilio do Usuario, sempre que se atope en territorio espa\u00f1ol.<\/span><\/p>\n<p>&nbsp;<\/p>\n","protected":false},"excerpt":{"rendered":"<p>Condici\u00f3ns xerais de uso do portal www.observatoriotiamat.es\u00a0 O Observatorio Mari\u00f1o do Cambio Global na Rede de Parques Nacionais (en diante, Observatorio TIAMAT) inf\u00f3rmalle de que o acceso e uso do sitio web www.observatoriotiamat.es e de todos os subdominios e directorios inclu\u00eddos nela (en diante, denominado conxuntamente como Portal). ) est\u00e1n suxeitos aos termos detallados neste&#8230;<\/p>\n","protected":false},"author":2,"featured_media":0,"parent":0,"menu_order":0,"comment_status":"closed","ping_status":"closed","template":"","meta":{"_acf_changed":false,"footnotes":""},"class_list":["post-5685","page","type-page","status-publish","hentry"],"acf":[],"_links":{"self":[{"href":"https:\/\/www.observatoriotiamat.es\/gl\/wp-json\/wp\/v2\/pages\/5685","targetHints":{"allow":["GET"]}}],"collection":[{"href":"https:\/\/www.observatoriotiamat.es\/gl\/wp-json\/wp\/v2\/pages"}],"about":[{"href":"https:\/\/www.observatoriotiamat.es\/gl\/wp-json\/wp\/v2\/types\/page"}],"author":[{"embeddable":true,"href":"https:\/\/www.observatoriotiamat.es\/gl\/wp-json\/wp\/v2\/users\/2"}],"replies":[{"embeddable":true,"href":"https:\/\/www.observatoriotiamat.es\/gl\/wp-json\/wp\/v2\/comments?post=5685"}],"version-history":[{"count":1,"href":"https:\/\/www.observatoriotiamat.es\/gl\/wp-json\/wp\/v2\/pages\/5685\/revisions"}],"predecessor-version":[{"id":5686,"href":"https:\/\/www.observatoriotiamat.es\/gl\/wp-json\/wp\/v2\/pages\/5685\/revisions\/5686"}],"wp:attachment":[{"href":"https:\/\/www.observatoriotiamat.es\/gl\/wp-json\/wp\/v2\/media?parent=5685"}],"curies":[{"name":"wp","href":"https:\/\/api.w.org\/{rel}","templated":true}]}}