{"id":5689,"date":"2020-11-17T21:01:34","date_gmt":"2020-11-17T21:01:34","guid":{"rendered":"https:\/\/www.observatoriotiamat.es\/?page_id=5689"},"modified":"2023-04-17T15:14:28","modified_gmt":"2023-04-17T15:14:28","slug":"politica-de-privacidade","status":"publish","type":"page","link":"https:\/\/www.observatoriotiamat.es\/gl\/politica-de-privacidade\/","title":{"rendered":"Pol\u00edtica de Privacidade"},"content":{"rendered":"<p><span style=\"font-weight: 400;\">Inform\u00e1moslle, en cumprimento do disposto no Regulamento Xeral de Protecci\u00f3n de Datos (RGPD):\u00a0<\/span><\/p>\n<p><span style=\"font-weight: 400;\">Os datos persoais ser\u00e1n tratados polo Observatorio Mari\u00f1o do Cambio Global da Rede de Parques Nacionais (en diante, Observatorio TIAMAT) co fin de tramitar as consultas de informaci\u00f3n xeral recibidas a trav\u00e9s do correo electr\u00f3nico <a href=\"mailto:tiamat@socib.es\">tiamat@socib.es<\/a> . Os datos conservaranse durante o tempo necesario para cumprir coa finalidade para a que foron recollidos.\u00a0<\/span><\/p>\n<p><span style=\"font-weight: 400;\">Pode exercer os seus dereitos de acceso, rectificaci\u00f3n, supresi\u00f3n e portabilidade dos seus datos, limitaci\u00f3n e oposici\u00f3n ao seu tratamento, as\u00ed como non ser obxecto de decisi\u00f3ns baseadas unicamente no tratamento automatizado dos seus datos, cando proceda, a trav\u00e9s do enderezo de correo electr\u00f3nico <a href=\"mailto:tiamat@socib.es\">tiamat@socib.es<\/a>.\u00a0<\/span><\/p>\n<p><span style=\"font-weight: 400;\">Se desexa obter m\u00e1is informaci\u00f3n, pode contactar co Observatorio TIAMAT a trav\u00e9s do correo electr\u00f3nico <a href=\"mailto:tiamat@socib.es\">tiamat@socib.es<\/a>.<\/span><\/p>\n","protected":false},"excerpt":{"rendered":"<p>Inform\u00e1moslle, en cumprimento do disposto no Regulamento Xeral de Protecci\u00f3n de Datos (RGPD):\u00a0 Os datos persoais ser\u00e1n tratados polo Observatorio Mari\u00f1o do Cambio Global da Rede de Parques Nacionais (en diante, Observatorio TIAMAT) co fin de tramitar as consultas de informaci\u00f3n xeral recibidas a trav\u00e9s do correo electr\u00f3nico tiamat@socib.es . Os datos conservaranse durante o&#8230;<\/p>\n","protected":false},"author":2,"featured_media":0,"parent":0,"menu_order":0,"comment_status":"closed","ping_status":"closed","template":"","meta":{"_acf_changed":false,"footnotes":""},"class_list":["post-5689","page","type-page","status-publish","hentry"],"acf":[],"_links":{"self":[{"href":"https:\/\/www.observatoriotiamat.es\/gl\/wp-json\/wp\/v2\/pages\/5689","targetHints":{"allow":["GET"]}}],"collection":[{"href":"https:\/\/www.observatoriotiamat.es\/gl\/wp-json\/wp\/v2\/pages"}],"about":[{"href":"https:\/\/www.observatoriotiamat.es\/gl\/wp-json\/wp\/v2\/types\/page"}],"author":[{"embeddable":true,"href":"https:\/\/www.observatoriotiamat.es\/gl\/wp-json\/wp\/v2\/users\/2"}],"replies":[{"embeddable":true,"href":"https:\/\/www.observatoriotiamat.es\/gl\/wp-json\/wp\/v2\/comments?post=5689"}],"version-history":[{"count":1,"href":"https:\/\/www.observatoriotiamat.es\/gl\/wp-json\/wp\/v2\/pages\/5689\/revisions"}],"predecessor-version":[{"id":5690,"href":"https:\/\/www.observatoriotiamat.es\/gl\/wp-json\/wp\/v2\/pages\/5689\/revisions\/5690"}],"wp:attachment":[{"href":"https:\/\/www.observatoriotiamat.es\/gl\/wp-json\/wp\/v2\/media?parent=5689"}],"curies":[{"name":"wp","href":"https:\/\/api.w.org\/{rel}","templated":true}]}}